{"id":1225,"date":"2021-04-15T11:37:11","date_gmt":"2021-04-15T09:37:11","guid":{"rendered":"https:\/\/sport-goslar.de\/verein-shop\/?post_type=product&#038;p=1225"},"modified":"2024-05-07T12:50:34","modified_gmt":"2024-05-07T10:50:34","slug":"hml-authentic-poly-zip-kinder-damen-mtv-wolfenbuettel-mit-edlem-3d-wappen","status":"publish","type":"product","link":"https:\/\/sport-goslar.de\/verein-shop\/produkt\/hml-authentic-poly-zip-kinder-damen-mtv-wolfenbuettel-mit-edlem-3d-wappen\/","title":{"rendered":"HML Authentic Poly Zip Kinder MTV Wolfenb\u00fcttel mit edlem 3D-Wappen"},"content":{"rendered":"<p>Hey Leute,<\/p>\n<p>seid ihr schon auf unseren abgefahrenen Onlineshop des MTV Wolfenb\u00fcttel gesto\u00dfen?<\/p>\n<p>Wir sind mega stolz darauf, euch die M\u00f6glichkeit zu geben, eure Vereinskollektion online zu rocken und die hei\u00dfesten Produkte f\u00fcr euer Team abzusahnen.<\/p>\n<p>Aber checkt das: Unser Shop wurde nicht nur f\u00fcr den MTV Wolfenb\u00fcttel gemacht, wir k\u00f6nnen auch f\u00fcr andere Vereine ma\u00dfgeschneiderte Shops zaubern!<\/p>\n<p>Unser Team steht in den Startl\u00f6chern, um euren Verein oder euer Team pers\u00f6nlich zu beraten und den geilsten Onlineshop ever zu kreieren.<\/p>\n<p>&nbsp;<\/p>\n<p><strong>Jetzt Shop einrichten:<\/strong><\/p>\n<p>Gemeinsam besprechen wir mit euch die individuelle Kollektion f\u00fcr euer Team. In pers\u00f6nlichen Gespr\u00e4chen beraten wir euch, welcher deutsche oder europ\u00e4ische Hersteller am besten zu eurem Verband passt.<\/p>\n<p>&nbsp;<\/p>\n<p><strong>Bestkonditionen und Gratisware sichern:<\/strong><\/p>\n<p>Profitiert von unseren erstklassigen Konditionen und attraktiven Sponsoring-Vereinbarungen. Als Ausr\u00fcster verschiedener Landesverb\u00e4nde mit einer gro\u00dfen Mitgliederzahl haben wir exzellente Beziehungen zu spannenden Partnern in der Sportartikelindustrie.<\/p>\n<p>&nbsp;<\/p>\n<p><strong>Eure Kollektion online ohne zus\u00e4tzliche Kosten:<\/strong><\/p>\n<p>Bei uns entstehen keine Kosten f\u00fcr euren Verbandsshop. Wir programmieren den Onlineshop, bef\u00fcllen ihn mit den von euch ausgesuchten Artikeln, hinterlegen die Sonderpreise und \u00fcbernehmen die Pflege.<\/p>\n<p>&nbsp;<\/p>\n<p><strong>Das &#8222;MIA SAN MIA&#8220; \u2013 Gef\u00fchl f\u00fcr euer Team:<\/strong><\/p>\n<p>Ein einheitlicher, professioneller Auftritt st\u00e4rkt das Wir-Gef\u00fchl in eurem Team. Ob als Vereinsmitglied oder Fan \u2013 euer Team, eure Farben!<\/p>\n<p>&nbsp;<\/p>\n<p><strong>Entlastung von Ehrenamtlichen:<\/strong><\/p>\n<p>Jedes Teammitglied kann sich die Artikel einfach und bequem \u00fcber den individuellen Onlineshop bestellen. Die Verantwortlichen im Verein k\u00f6nnen sich ab sofort auf das Wesentliche konzentrieren.<\/p>\n<p>&nbsp;<\/p>\n<p><strong>Pers\u00f6nliche Betreuung:<\/strong><\/p>\n<p>Egal wo der Schuh dr\u00fcckt \u2013 euer pers\u00f6nlicher Ansprechpartner steht euch individuell zur Seite, von der richtigen Beflockung \u00fcber die Artikelauswahl bis hin zu Lieferterminen oder Sonderanfertigungen.&#8220;<\/p>\n<p>&nbsp;<\/p>\n<p>&nbsp;<\/p>\n<p>&nbsp;<\/p>\n<p>Ware die invividuell f\u00fcr euch veredelt wird (also z.B. mit Spielernamen, Nummern, Sponsorenlogos, Vereinswappen, Initalien, etc bedruckt\/beflockt wird) gilt als Sonderanfertigung und ist von einem Umtausch leider ausgeschlossen.<\/p>\n","protected":false},"excerpt":{"rendered":"<p><strong>HML Authentic Kapuzenjacke Kinder MTV Wolfenb\u00fcttel mit edlem 3D-Wappen<\/strong><\/p>\n<p>Vervollst\u00e4ndige dein Outfit mit dem hmlAUTHENTIC POLY ZIP HOODIE. Dieser Kapuzenpulli aus strukturiertem Polyesterstrick hat einen durchgehenden Frontrei\u00dfverschluss, mit dem das Kleidungsst\u00fcck offen oder geschlossen getragen werden kann. Die gro\u00dfe Kapuze dieses Kapuzenpullovers h\u00e4lt dich kuschelig warm, wann immer du es brauchst, und die langen \u00c4rmel sind mit unseren charakteristischen Winkeln aus strukturiertem Webband versehen..Sehr edles dreidimensionales Vereinwappen des MTV Wolfenb\u00fcttel auf der Brust. Art 204938<\/p>\n<p>UVP 49,99 \u20ac zuz\u00fcgl hochwertigem 3D Logo<\/p>\n<p>FB 2114= schwarz\/wei\u00df<\/p>\n<p>FB 3062= rot\/wei\u00df<\/p>\n<p>Gr\u00f6\u00dfe\u00a0 116 &#8211; 176<\/p>\n<p>Lieferzeit: ca 10 &#8211; 20 Tage<\/p>\n<p>&nbsp;<\/p>\n<table border=\"1\" cellspacing=\"0\" cellpadding=\"0\">\n<tbody>\n<tr>\n<td><strong>Menge<\/strong><\/td>\n<td><strong>Preis<\/strong><\/td>\n<\/tr>\n<tr>\n<td>1 &#8211; 4<\/td>\n<td>43,99 \u20ac<\/td>\n<\/tr>\n<tr>\n<td>5 &#8211; 9<\/td>\n<td>41,99 \u20ac<\/td>\n<\/tr>\n<tr>\n<td>10-50<\/td>\n<td>39,99 \u20ac<\/td>\n<\/tr>\n<\/tbody>\n<\/table>\n<p>&nbsp;<\/p>\n","protected":false},"featured_media":1206,"template":"","meta":[],"product_brand":[],"product_cat":[220,306],"product_tag":[],"class_list":{"0":"post-1225","1":"product","2":"type-product","3":"status-publish","4":"has-post-thumbnail","6":"product_cat-mtv-wolfenbuettel","7":"product_cat-teamline-3d-mtv-wolfenbuettel","8":"description-off","10":"first","11":"instock","12":"sale","13":"taxable","14":"shipping-taxable","15":"purchasable","16":"product-type-variable"},"_links":{"self":[{"href":"https:\/\/sport-goslar.de\/verein-shop\/wp-json\/wp\/v2\/product\/1225","targetHints":{"allow":["GET"]}}],"collection":[{"href":"https:\/\/sport-goslar.de\/verein-shop\/wp-json\/wp\/v2\/product"}],"about":[{"href":"https:\/\/sport-goslar.de\/verein-shop\/wp-json\/wp\/v2\/types\/product"}],"wp:featuredmedia":[{"embeddable":true,"href":"https:\/\/sport-goslar.de\/verein-shop\/wp-json\/wp\/v2\/media\/1206"}],"wp:attachment":[{"href":"https:\/\/sport-goslar.de\/verein-shop\/wp-json\/wp\/v2\/media?parent=1225"}],"wp:term":[{"taxonomy":"product_brand","embeddable":true,"href":"https:\/\/sport-goslar.de\/verein-shop\/wp-json\/wp\/v2\/product_brand?post=1225"},{"taxonomy":"product_cat","embeddable":true,"href":"https:\/\/sport-goslar.de\/verein-shop\/wp-json\/wp\/v2\/product_cat?post=1225"},{"taxonomy":"product_tag","embeddable":true,"href":"https:\/\/sport-goslar.de\/verein-shop\/wp-json\/wp\/v2\/product_tag?post=1225"}],"curies":[{"name":"wp","href":"https:\/\/api.w.org\/{rel}","templated":true}]}}