{"id":1223,"date":"2021-04-15T11:31:07","date_gmt":"2021-04-15T09:31:07","guid":{"rendered":"https:\/\/sport-goslar.de\/verein-shop\/?post_type=product&#038;p=1223"},"modified":"2024-05-07T12:50:29","modified_gmt":"2024-05-07T10:50:29","slug":"hml-authentic-poly-zip-hoodie-damen-mtv-wolfenbuettel-mit-edlem-3d-wappen","status":"publish","type":"product","link":"https:\/\/sport-goslar.de\/verein-shop\/produkt\/hml-authentic-poly-zip-hoodie-damen-mtv-wolfenbuettel-mit-edlem-3d-wappen\/","title":{"rendered":"HML Authentic Poly Zip Hoodie Damen MTV Wolfenb\u00fcttel mit edlem 3D-Wappen"},"content":{"rendered":"<p>Na, ihr Sportskanonen und Mitglieder des MTV, habt ihr schon unsere hippe Onlinebude entdeckt?<\/p>\n<p>Wir sind ja so stolz, euch die M\u00f6glichkeit zu bieten, eure Vereinskollektion online zu pr\u00e4sentieren und die absoluten Must-haves f\u00fcr euer Team zu ergattern. Aber mal ehrlich, das gilt doch nicht nur f\u00fcr den MTV Wolfenb\u00fcttel, oder?<\/p>\n<p>Wir k\u00f6nnen doch auch f\u00fcr alle anderen Vereine einen ma\u00dfgeschneiderten Shop aus dem \u00c4rmel sch\u00fctteln!<\/p>\n<p>&nbsp;<\/p>\n<p>Unser Team steht bereit, um euch pers\u00f6nlich zu beraten und den krassen Onlineshop eurer Tr\u00e4ume zu bauen.<\/p>\n<p>&nbsp;<\/p>\n<p>&nbsp;<\/p>\n<p>&nbsp;<\/p>\n<p>&nbsp;<\/p>\n<p>&nbsp;<\/p>\n<p>Ware die invividuell f\u00fcr euch veredelt wird (also z.B. mit Spielernamen, Nummern, Sponsorenlogos, Vereinswappen, Initalien, etc bedruckt\/beflockt wird) gilt als Sonderanfertigung und ist von einem Umtausch leider ausgeschlossen.<\/p>\n","protected":false},"excerpt":{"rendered":"<p><strong>HML Authentic Kapuzenjacke Damen MTV Wolfenb\u00fcttel mit edlem 3D-Wappen<\/strong><\/p>\n<p>Vervollst\u00e4ndige dein Outfit mit dem hmlAUTHENTIC POLY ZIP HOODIE. Dieser Kapuzenpulli aus strukturiertem Polyesterstrick hat einen durchgehenden Frontrei\u00dfverschluss, mit dem das Kleidungsst\u00fcck offen oder geschlossen getragen werden kann. Die gro\u00dfe Kapuze dieses Kapuzenpullovers h\u00e4lt dich kuschelig warm, wann immer du es brauchst, und die langen \u00c4rmel sind mit unseren charakteristischen Winkeln aus strukturiertem Webband versehen..Sehr edles dreidimensionales Vereinwappen des MTV Wolfenb\u00fcttel auf der Brust.Taillierter Damenschnitt\u00a0 Art 204939<\/p>\n<p>UVP 54,99 \u20ac zuz\u00fcgl hochwertigem 3D Logo<\/p>\n<p>FB 2114= schwarz\/wei\u00df<\/p>\n<p>FB 3062= rot\/wei\u00df<\/p>\n<p>Gr\u00f6\u00dfe\u00a0 XS &#8211; 2XL<\/p>\n<p>Lieferzeit: ca 10 &#8211; 20 Tage<\/p>\n<p>&nbsp;<\/p>\n<table border=\"1\" cellspacing=\"0\" cellpadding=\"0\">\n<tbody>\n<tr>\n<td><strong>Menge<\/strong><\/td>\n<td><strong>Preis<\/strong><\/td>\n<\/tr>\n<tr>\n<td>1 &#8211; 4<\/td>\n<td>47,99 \u20ac<\/td>\n<\/tr>\n<tr>\n<td>5 &#8211; 9<\/td>\n<td>45,99 \u20ac<\/td>\n<\/tr>\n<tr>\n<td>10-50<\/td>\n<td>44,99 \u20ac<\/td>\n<\/tr>\n<\/tbody>\n<\/table>\n<p>&nbsp;<\/p>\n","protected":false},"featured_media":1207,"template":"","meta":[],"product_brand":[],"product_cat":[220,306],"product_tag":[],"class_list":{"0":"post-1223","1":"product","2":"type-product","3":"status-publish","4":"has-post-thumbnail","6":"product_cat-mtv-wolfenbuettel","7":"product_cat-teamline-3d-mtv-wolfenbuettel","8":"description-off","10":"first","11":"instock","12":"sale","13":"taxable","14":"shipping-taxable","15":"purchasable","16":"product-type-variable"},"_links":{"self":[{"href":"https:\/\/sport-goslar.de\/verein-shop\/wp-json\/wp\/v2\/product\/1223","targetHints":{"allow":["GET"]}}],"collection":[{"href":"https:\/\/sport-goslar.de\/verein-shop\/wp-json\/wp\/v2\/product"}],"about":[{"href":"https:\/\/sport-goslar.de\/verein-shop\/wp-json\/wp\/v2\/types\/product"}],"wp:featuredmedia":[{"embeddable":true,"href":"https:\/\/sport-goslar.de\/verein-shop\/wp-json\/wp\/v2\/media\/1207"}],"wp:attachment":[{"href":"https:\/\/sport-goslar.de\/verein-shop\/wp-json\/wp\/v2\/media?parent=1223"}],"wp:term":[{"taxonomy":"product_brand","embeddable":true,"href":"https:\/\/sport-goslar.de\/verein-shop\/wp-json\/wp\/v2\/product_brand?post=1223"},{"taxonomy":"product_cat","embeddable":true,"href":"https:\/\/sport-goslar.de\/verein-shop\/wp-json\/wp\/v2\/product_cat?post=1223"},{"taxonomy":"product_tag","embeddable":true,"href":"https:\/\/sport-goslar.de\/verein-shop\/wp-json\/wp\/v2\/product_tag?post=1223"}],"curies":[{"name":"wp","href":"https:\/\/api.w.org\/{rel}","templated":true}]}}