{"id":1212,"date":"2021-04-15T10:11:58","date_gmt":"2021-04-15T08:11:58","guid":{"rendered":"https:\/\/sport-goslar.de\/verein-shop\/?post_type=product&#038;p=1212"},"modified":"2024-05-07T12:55:46","modified_gmt":"2024-05-07T10:55:46","slug":"hml-fleecejacke-damen-mtv-wolfenbuettel-mit-edlem-3d-wappen","status":"publish","type":"product","link":"https:\/\/sport-goslar.de\/verein-shop\/produkt\/hml-fleecejacke-damen-mtv-wolfenbuettel-mit-edlem-3d-wappen\/","title":{"rendered":"HML Fleecejacke Damen MTV Wolfenb\u00fcttel mit edlem 3D-Wappen"},"content":{"rendered":"<p>Sehr geehrte Sportvereine und Landesverb\u00e4nde, haben Sie schon unseren hochmodernen Onlineshop entdeckt?<\/p>\n<p>Wir sind \u00e4u\u00dferst erfreut, Ihnen die M\u00f6glichkeit anzubieten, Ihre Vereinskollektion online zu pr\u00e4sentieren und die besten Produkte f\u00fcr Ihr Team zu sichern.<\/p>\n<p>&nbsp;<\/p>\n<p>Unser Onlineshop wurde speziell f\u00fcr den MTV Wolfenb\u00fcttel entwickelt, steht aber auch anderen Vereinen zur Verf\u00fcgung.<\/p>\n<p>&nbsp;<\/p>\n<p>Unser engagiertes Team steht Ihnen zur Verf\u00fcgung, um Ihren individuellen Shop zu erstellen und Sie pers\u00f6nlich zu beraten.<\/p>\n<p>&nbsp;<\/p>\n<p>&nbsp;<\/p>\n<p>&nbsp;<\/p>\n<p>&nbsp;<\/p>\n<p>&nbsp;<\/p>\n<p>&nbsp;<\/p>\n<p>Ware die invividuell f\u00fcr euch veredelt wird (also z.B. mit Spielernamen, Nummern, Sponsorenlogos, Vereinswappen, Initalien, etc bedruckt\/beflockt wird) gilt als Sonderanfertigung und ist von einem Umtausch leider ausgeschlossen.<\/p>\n","protected":false},"excerpt":{"rendered":"<p><strong>HML Fleecejacke Damen MTV Wolfenb\u00fcttel inklusive edlem 3D-Wappen<\/strong><\/p>\n<p>Die hmlNORTH FULL ZIP FLEECE JACKET bietet in einem schlanken, einfarbigen Design Schutz vor den Elementen. Diese hummel\u00ae Jacke aus w\u00e4rmendem Fleece verf\u00fcgt \u00fcber einen hohen Kragen zum Abdecken des Halses sowie ein wasserdichtes Logoband am Frontrei\u00dfverschluss. Seitentaschen mit Rei\u00dfverschluss bieten Platz f\u00fcr Kleinigkeiten.Sehr edles dreidimensionales Vereinwappen des MTV Wolfenb\u00fcttel auf der Brust.Taillierter Damenschnitt\u00a0 Art 206694<\/p>\n<p>UVP 64,99 \u20ac zuz\u00fcgl hochwertigem 3D Logo<\/p>\n<p>FB 1006= schwarz\/asphalt<\/p>\n<p>Gr\u00f6\u00dfe\u00a0 XS &#8211; 2XL<\/p>\n<p>Lieferzeit: ca 10 &#8211; 20 Tage<\/p>\n<p>&nbsp;<\/p>\n<table border=\"1\" cellspacing=\"0\" cellpadding=\"0\">\n<tbody>\n<tr>\n<td><strong>Menge<\/strong><\/td>\n<td><strong>Preis<\/strong><\/td>\n<\/tr>\n<tr>\n<td>1 &#8211; 4<\/td>\n<td>53,99 \u20ac<\/td>\n<\/tr>\n<tr>\n<td>5 &#8211; 9<\/td>\n<td>51,99 \u20ac<\/td>\n<\/tr>\n<tr>\n<td>10-50<\/td>\n<td>49,99 \u20ac<\/td>\n<\/tr>\n<\/tbody>\n<\/table>\n<p>&nbsp;<\/p>\n<p>&nbsp;<\/p>\n","protected":false},"featured_media":1211,"template":"","meta":[],"product_brand":[],"product_cat":[220,306],"product_tag":[],"class_list":{"0":"post-1212","1":"product","2":"type-product","3":"status-publish","4":"has-post-thumbnail","6":"product_cat-mtv-wolfenbuettel","7":"product_cat-teamline-3d-mtv-wolfenbuettel","8":"description-off","10":"first","11":"instock","12":"sale","13":"taxable","14":"shipping-taxable","15":"purchasable","16":"product-type-variable"},"_links":{"self":[{"href":"https:\/\/sport-goslar.de\/verein-shop\/wp-json\/wp\/v2\/product\/1212","targetHints":{"allow":["GET"]}}],"collection":[{"href":"https:\/\/sport-goslar.de\/verein-shop\/wp-json\/wp\/v2\/product"}],"about":[{"href":"https:\/\/sport-goslar.de\/verein-shop\/wp-json\/wp\/v2\/types\/product"}],"wp:featuredmedia":[{"embeddable":true,"href":"https:\/\/sport-goslar.de\/verein-shop\/wp-json\/wp\/v2\/media\/1211"}],"wp:attachment":[{"href":"https:\/\/sport-goslar.de\/verein-shop\/wp-json\/wp\/v2\/media?parent=1212"}],"wp:term":[{"taxonomy":"product_brand","embeddable":true,"href":"https:\/\/sport-goslar.de\/verein-shop\/wp-json\/wp\/v2\/product_brand?post=1212"},{"taxonomy":"product_cat","embeddable":true,"href":"https:\/\/sport-goslar.de\/verein-shop\/wp-json\/wp\/v2\/product_cat?post=1212"},{"taxonomy":"product_tag","embeddable":true,"href":"https:\/\/sport-goslar.de\/verein-shop\/wp-json\/wp\/v2\/product_tag?post=1212"}],"curies":[{"name":"wp","href":"https:\/\/api.w.org\/{rel}","templated":true}]}}