{"id":1172,"date":"2021-04-14T15:52:40","date_gmt":"2021-04-14T13:52:40","guid":{"rendered":"https:\/\/sport-goslar.de\/verein-shop\/?post_type=product&#038;p=1172"},"modified":"2024-03-13T15:26:39","modified_gmt":"2024-03-13T14:26:39","slug":"hml-core-bag-groesse-m-inklusive-lsn-logo","status":"publish","type":"product","link":"https:\/\/sport-goslar.de\/verein-shop\/produkt\/hml-core-bag-groesse-m-inklusive-lsn-logo\/","title":{"rendered":"HML Core Bag Gr\u00f6\u00dfe M inklusive LSN Logo"},"content":{"rendered":"<p>Liebe Vereinsvertreter, Trainer und Athleten,<\/p>\n<p>habt ihr schon von unserem neuen <strong>Onlineshop f\u00fcr den Landesschwimmverband Niedersachsen<\/strong> geh\u00f6rt?<\/p>\n<p>Wir sind mega aufgeregt, euch die M\u00f6glichkeit zu geben, eure Schwimmkollektionen online zu pr\u00e4sentieren und die coolsten Produkte f\u00fcr euer Team zu schnappen! Und wisst ihr was? Diese M\u00f6glichkeit steht nicht nur unserem Verband zur Verf\u00fcgung, sondern auch anderen Verb\u00e4nden! Unser Team ist bereit, euch dabei zu unterst\u00fctzen und den perfekten Onlineshop f\u00fcr euren Verband zu erstellen.<\/p>\n<p>Und das Beste? Es kostet euch keinen Cent extra! Egal ob ihr zum Landesschwimmverband Niedersachsen geh\u00f6rt oder einem anderen Verband, wir sind hier, um euch alle zu unterst\u00fctzen und sicherzustellen, dass ihr euer Team mit Stolz repr\u00e4sentieren k\u00f6nnt. Dank unserer guten Beziehungen zu f\u00fchrenden Partnern in der Sportartikelindustrie k\u00f6nnen wir euch erstklassige Konditionen und tolle Sponsoring-Vereinbarungen bieten. Also worauf wartet ihr noch?<\/p>\n<p>Lasst uns gemeinsam euren Teamgeist st\u00e4rken und eure Mannschaftskollektionen auf ein neues Level bringen! Lasst von euch h\u00f6ren und lasst uns zusammen durchstarten!&#8220;<\/p>\n<p>&nbsp;<\/p>\n","protected":false},"excerpt":{"rendered":"<p><strong>Hummel Core Sporttasche inklusive LSN Logo Gr\u00f6\u00dfe M<br \/>\n<\/strong><\/p>\n<p>Mit der gef\u00fctterten hummel\u00ae CORE SPORTS BAG halten Sie Ordnung. Innen gef\u00fcttert , Rei\u00dfverschlusstasche, auff\u00e4llige Insignien, Innentasche mit Rei\u00dfverschluss, Qualit\u00e4t: 100 % Polyester, mit PU-Beschichtung auf der R\u00fcckseite Diese Sporttasche in perfekter Gr\u00f6\u00dfe bietet alles, inklusive Schulter- und Handschlaufen, Top Preis-Leistung, 45 Liter Volumen. Die Tasche wird mit dem Logo des Landesschwimmverband Niedersachsen bedruckt Art. 204012. Ware die individuell f\u00fcr euch veredelt wird (also z.B. mit Spielernamen, Nummern, Sponsorenlogos, Vereinswappen, Initalien, etc bedruckt\/beflockt wird) gilt als Sonderanfertigung und ist von einem Umtausch leider ausgeschlossen.<\/p>\n<p>UVP 39,99 \u20ac zuz\u00fcgl Druck<\/p>\n<p>Fb 2001 = schwarz<\/p>\n<p>Fb 2006 = grau<\/p>\n<p>Fb 3081 = rot<\/p>\n<p>Fb 3075 = royal<\/p>\n<p>Gr\u00f6\u00dfe\u00a0 M<\/p>\n<p>Lieferzeit: ca 10 &#8211; 20 Tage<\/p>\n<p>&nbsp;<\/p>\n<table border=\"1\" cellspacing=\"0\" cellpadding=\"0\">\n<tbody>\n<tr>\n<td><strong>Menge<\/strong><\/td>\n<td><strong>Preis<\/strong><\/td>\n<\/tr>\n<tr>\n<td>1 &#8211; 2<\/td>\n<td>35,99 \u20ac<\/td>\n<\/tr>\n<tr>\n<td>3 -19<\/td>\n<td>31,99 \u20ac<\/td>\n<\/tr>\n<tr>\n<td>20-50<\/td>\n<td>29,99 \u20ac<\/td>\n<\/tr>\n<\/tbody>\n<\/table>\n<p>&nbsp;<\/p>\n<p>&nbsp;<\/p>\n","protected":false},"featured_media":1139,"template":"","meta":[],"product_brand":[],"product_cat":[219,278],"product_tag":[],"class_list":{"0":"post-1172","1":"product","2":"type-product","3":"status-publish","4":"has-post-thumbnail","6":"product_cat-lsn-shop","7":"product_cat-taschen-rucksaecke-lsn","8":"description-off","10":"first","11":"instock","12":"sale","13":"taxable","14":"shipping-taxable","15":"purchasable","16":"product-type-variable"},"_links":{"self":[{"href":"https:\/\/sport-goslar.de\/verein-shop\/wp-json\/wp\/v2\/product\/1172","targetHints":{"allow":["GET"]}}],"collection":[{"href":"https:\/\/sport-goslar.de\/verein-shop\/wp-json\/wp\/v2\/product"}],"about":[{"href":"https:\/\/sport-goslar.de\/verein-shop\/wp-json\/wp\/v2\/types\/product"}],"wp:featuredmedia":[{"embeddable":true,"href":"https:\/\/sport-goslar.de\/verein-shop\/wp-json\/wp\/v2\/media\/1139"}],"wp:attachment":[{"href":"https:\/\/sport-goslar.de\/verein-shop\/wp-json\/wp\/v2\/media?parent=1172"}],"wp:term":[{"taxonomy":"product_brand","embeddable":true,"href":"https:\/\/sport-goslar.de\/verein-shop\/wp-json\/wp\/v2\/product_brand?post=1172"},{"taxonomy":"product_cat","embeddable":true,"href":"https:\/\/sport-goslar.de\/verein-shop\/wp-json\/wp\/v2\/product_cat?post=1172"},{"taxonomy":"product_tag","embeddable":true,"href":"https:\/\/sport-goslar.de\/verein-shop\/wp-json\/wp\/v2\/product_tag?post=1172"}],"curies":[{"name":"wp","href":"https:\/\/api.w.org\/{rel}","templated":true}]}}