{"id":1168,"date":"2021-04-14T15:53:35","date_gmt":"2021-04-14T13:53:35","guid":{"rendered":"https:\/\/sport-goslar.de\/verein-shop\/?post_type=product&#038;p=1168"},"modified":"2024-03-13T15:26:45","modified_gmt":"2024-03-13T14:26:45","slug":"hml-core-bag-groesse-xs-inklusive-lsn-logo","status":"publish","type":"product","link":"https:\/\/sport-goslar.de\/verein-shop\/produkt\/hml-core-bag-groesse-xs-inklusive-lsn-logo\/","title":{"rendered":"HML Core Bag Gr\u00f6\u00dfe XS inklusive LSN Logo"},"content":{"rendered":"<p>Hey Wasserratten und Schwimmverb\u00e4nde!<\/p>\n<p>Willkommen im <strong>Onlineshop des Landesschwimmverband Niedersachsen<\/strong> \u2013 deiner Anlaufstelle f\u00fcr hochwertige Schwimmausr\u00fcstung und mehr! Bei uns findest du eine breite Palette von Produkten, speziell f\u00fcr Schwimmvereine, Wasserballer, Turmspringer, Synchronschwimmer und viele andere Wassersportler. Und wir sind stolz darauf, eine gro\u00dfe Auswahl an BEKO Artikeln in unserem Sortiment zu f\u00fchren \u2013 die optimale Wahl f\u00fcr alle, die das Beste aus ihrem Training und ihren Wettk\u00e4mpfen herausholen m\u00f6chten.<\/p>\n<p>&nbsp;<\/p>\n<p>Als offizieller Ausstatter des Landesschwimmverband Niedersachsen wissen wir, worauf es ankommt, um im Wasser zu gl\u00e4nzen. Unsere Produkte wurden sorgf\u00e4ltig ausgew\u00e4hlt, um h\u00f6chste Leistung und Qualit\u00e4t zu gew\u00e4hrleisten.<\/p>\n<p>&nbsp;<\/p>\n<p>Aber das ist noch nicht alles! Wir bieten auch die M\u00f6glichkeit, spezielle Onlineshops f\u00fcr jeden Verein individuell zu programmieren. Hier kannst du deine eigene Vereinskollektion erwerben und anbieten \u2013 perfekt, um den Teamgeist zu st\u00e4rken und ein einheitliches Auftreten zu gew\u00e4hrleisten.<\/p>\n<p>&nbsp;<\/p>\n<p>Also lass uns gemeinsam deine Teamkollektion auf ein neues Level heben. Kontaktiere uns noch heute und erfahre, wie wir dir helfen k\u00f6nnen, deinen eigenen Onlineshop zu erstellen und dein Team professionell auszustatten. Wir freuen uns darauf, von dir zu h\u00f6ren und gemeinsam durchzustarten!<\/p>\n<p>&nbsp;<\/p>\n<p>Jetzt Shop einrichten:<\/p>\n<p>Gemeinsam besprechen wir die individuelle Kollektion f\u00fcr dein Team. In einem pers\u00f6nlichen Gespr\u00e4ch beraten wir dich, welcher deutsche oder europ\u00e4ische Hersteller am besten zu deinem Verein, deiner Firma oder auch zum Verband passt.<\/p>\n<p>&nbsp;<\/p>\n<p>Bestkonditionen und Gratisware sichern:<\/p>\n<p>Wir m\u00f6chten auch dein Team professionell ausstatten und gro\u00dfz\u00fcgig unterst\u00fctzen. Als Ausr\u00fcster von verschiedenen Landesverb\u00e4nden mit insgesamt 283.920 Mitgliedern aus 2.971 angeschlossenen Vereinen haben wir au\u00dferordentlich gute Beziehungen zu sehr interessanten Partnern in der Sportartikelindustrie. Sichert euch jetzt TOP-Konditionen und attraktive Sponsoring-Vereinbarungen.<\/p>\n<p>&nbsp;<\/p>\n<p>Deine Kollektion online ohne zus\u00e4tzliche Kosten!<\/p>\n<p>Es entstehen keine Kosten f\u00fcr deinen Vereinsshop. Wir programmieren den Onlineshop und bef\u00fcllen ihn mit den von dir ausgesuchten Artikeln, hinterlegen die Sonderpreise und \u00fcbernehmen die Pflege.<\/p>\n<p>&nbsp;<\/p>\n<p>Das \u201eMIA SAN MIA\u201c \u2013 Gef\u00fchl f\u00fcr dein Team!<\/p>\n<p>Durch einen einheitlichen, professionellen Auftritt st\u00e4rken wir das WIR-Gef\u00fchl in deinem Team. Ob als Sportverein, Fan, Firma oder Landesverband \u2013 DEIN TEAM, DEINE FARBEN!<\/p>\n<p>&nbsp;<\/p>\n<p>Entlastung von Ehrenamtlichen!<\/p>\n<p>Jedes Teammitglied kann sich die Artikel einfach und bequem \u00fcber den individuellen Onlineshop bestellen. Die Verantwortlichen in einem Verein oder Team k\u00f6nnen sich ab sofort auf das Wesentliche konzentrieren.<\/p>\n<p>&nbsp;<\/p>\n<p>&nbsp;<\/p>\n","protected":false},"excerpt":{"rendered":"<p><strong>Hummel Core Sporttasche inklusive LSN Logo Gr\u00f6\u00dfe XS<br \/>\n<\/strong><\/p>\n<p>Mit der gef\u00fctterten hummel\u00ae CORE SPORTS BAG halten Sie Ordnung. Innen gef\u00fcttert , Rei\u00dfverschlusstasche, auff\u00e4llige Insignien, Innentasche mit Rei\u00dfverschluss, Qualit\u00e4t: 100 % Polyester, mit PU-Beschichtung auf der R\u00fcckseite Diese Sporttasche in perfekter Gr\u00f6\u00dfe bietet alles, inklusive Schulter- und Handschlaufen, Top Preis-Leistung, 20 Liter Volumen. Diese Tasche wird mit dem Logo des Landeschwimmverband Niedersachsen bedruckt. Art. 204012. Ware die individuell f\u00fcr euch veredelt wird (also z.B. mit Spielernamen, Nummern, Sponsorenlogos, Vereinswappen, Initalien, etc bedruckt\/beflockt wird) gilt als Sonderanfertigung und ist von einem Umtausch leider ausgeschlossen.<\/p>\n<p>UVP 29,99 \u20ac zuz\u00fcgl Druck<\/p>\n<p>Fb 2001 = schwarz<\/p>\n<p>Fb 2006 = grau<\/p>\n<p>Fb 3081 = rot<\/p>\n<p>Fb 3075 = royal<\/p>\n<p>Gr\u00f6\u00dfe\u00a0 S<\/p>\n<p>Lieferzeit: ca 10 &#8211; 20 Tage<\/p>\n<table border=\"1\" cellspacing=\"0\" cellpadding=\"0\">\n<tbody>\n<tr>\n<td><strong>Menge<\/strong><\/td>\n<td><strong>Preis<\/strong><\/td>\n<\/tr>\n<tr>\n<td>1 &#8211; 2<\/td>\n<td>29,99 \u20ac<\/td>\n<\/tr>\n<tr>\n<td>3 -19<\/td>\n<td>24,99 \u20ac<\/td>\n<\/tr>\n<tr>\n<td>20-50<\/td>\n<td>23,99 \u20ac<\/td>\n<\/tr>\n<\/tbody>\n<\/table>\n<p>&nbsp;<\/p>\n","protected":false},"featured_media":1138,"template":"","meta":[],"product_brand":[],"product_cat":[219,278],"product_tag":[],"class_list":{"0":"post-1168","1":"product","2":"type-product","3":"status-publish","4":"has-post-thumbnail","6":"product_cat-lsn-shop","7":"product_cat-taschen-rucksaecke-lsn","8":"description-off","10":"first","11":"instock","12":"sale","13":"taxable","14":"shipping-taxable","15":"purchasable","16":"product-type-variable"},"_links":{"self":[{"href":"https:\/\/sport-goslar.de\/verein-shop\/wp-json\/wp\/v2\/product\/1168","targetHints":{"allow":["GET"]}}],"collection":[{"href":"https:\/\/sport-goslar.de\/verein-shop\/wp-json\/wp\/v2\/product"}],"about":[{"href":"https:\/\/sport-goslar.de\/verein-shop\/wp-json\/wp\/v2\/types\/product"}],"wp:featuredmedia":[{"embeddable":true,"href":"https:\/\/sport-goslar.de\/verein-shop\/wp-json\/wp\/v2\/media\/1138"}],"wp:attachment":[{"href":"https:\/\/sport-goslar.de\/verein-shop\/wp-json\/wp\/v2\/media?parent=1168"}],"wp:term":[{"taxonomy":"product_brand","embeddable":true,"href":"https:\/\/sport-goslar.de\/verein-shop\/wp-json\/wp\/v2\/product_brand?post=1168"},{"taxonomy":"product_cat","embeddable":true,"href":"https:\/\/sport-goslar.de\/verein-shop\/wp-json\/wp\/v2\/product_cat?post=1168"},{"taxonomy":"product_tag","embeddable":true,"href":"https:\/\/sport-goslar.de\/verein-shop\/wp-json\/wp\/v2\/product_tag?post=1168"}],"curies":[{"name":"wp","href":"https:\/\/api.w.org\/{rel}","templated":true}]}}