{"id":1166,"date":"2021-04-14T15:53:31","date_gmt":"2021-04-14T13:53:31","guid":{"rendered":"https:\/\/sport-goslar.de\/verein-shop\/?post_type=product&#038;p=1166"},"modified":"2024-03-13T15:24:57","modified_gmt":"2024-03-13T14:24:57","slug":"hml-core-bag-groesse-s-inklusive-lsn-logo","status":"publish","type":"product","link":"https:\/\/sport-goslar.de\/verein-shop\/produkt\/hml-core-bag-groesse-s-inklusive-lsn-logo\/","title":{"rendered":"HML Core Bag Gr\u00f6\u00dfe S inklusive LSN Logo"},"content":{"rendered":"<p>Hallo Schwimmbegeisterte und Mitglieder des Landesschwimmverband Niedersachsen!<\/p>\n<p>Wir haben gro\u00dfartige Neuigkeiten f\u00fcr euch: Unser nagelneuer Onlineshop ist endlich da und bietet euch die M\u00f6glichkeit, eure Vereinskollektionen online zu pr\u00e4sentieren und die besten Produkte f\u00fcr euren Schwimmverein zu ergattern. Aber das ist noch nicht alles \u2013 auch andere Verb\u00e4nde k\u00f6nnen von unserem Service profitieren und ihre eigenen individuellen Shops erstellen!<\/p>\n<p>Unser Team steht bereit, um euch dabei zu unterst\u00fctzen und den perfekten Onlineshop zu gestalten. Und das Beste daran? Es entstehen keine zus\u00e4tzlichen Kosten f\u00fcr euren Verband! Egal ob ihr zum <strong>Landesschwimmverband Niedersachsen<\/strong> geh\u00f6rt oder einem anderen Verband angeh\u00f6rt, wir unterst\u00fctzen euch alle gleicherma\u00dfen und helfen euch dabei, euer Team mit Stolz zu repr\u00e4sentieren.<\/p>\n<p>Dank unserer engen Beziehungen zu f\u00fchrenden Partnern in der Sportartikelindustrie k\u00f6nnen wir euch erstklassige Konditionen und attraktive Sponsoring-Vereinbarungen bieten. Also worauf wartet ihr noch? Kontaktiert uns noch heute und erfahrt, wie wir euch helfen k\u00f6nnen, euren eigenen Onlineshop zu erstellen und euer Team professionell auszustatten!&#8220;<\/p>\n<p>&nbsp;<\/p>\n<p>Ich freue mich auf Eure Anfragen<\/p>\n<p>Sven Goslar<\/p>\n","protected":false},"excerpt":{"rendered":"<p><strong>Hummel Core Sporttasche inklusive LSN Logo Gr\u00f6\u00dfe S<br \/>\n<\/strong><\/p>\n<p>Mit der gef\u00fctterten hummel\u00ae CORE SPORTS BAG halten Sie Ordnung. Innen gef\u00fcttert , Rei\u00dfverschlusstasche, auff\u00e4llige Insignien, Innentasche mit Rei\u00dfverschluss, Qualit\u00e4t: 100 % Polyester, mit PU-Beschichtung auf der R\u00fcckseite Diese Sporttasche in perfekter Gr\u00f6\u00dfe bietet alles, inklusive Schulter- und Handschlaufen, Top Preis-Leistung, 31 Liter Volumen. Diese Tasche wird mit dem Logo des Landeschwimm Niedersachsen bedruckt. Art. 204012. Ware die individuell f\u00fcr euch veredelt wird (also z.B. mit Spielernamen, Nummern, Sponsorenlogos, Vereinswappen, Initalien, etc bedruckt\/beflockt wird) gilt als Sonderanfertigung und ist von einem Umtausch leider ausgeschlossen.<\/p>\n<p>UVP 34,99 \u20ac zuz\u00fcgl Druck<\/p>\n<p>Fb 2001 = schwarz<\/p>\n<p>Fb 2006 = grau<\/p>\n<p>Fb 3081 = rot<\/p>\n<p>Fb 3075 = royal<\/p>\n<p>Gr\u00f6\u00dfe\u00a0 S<\/p>\n<p>Lieferzeit: ca 10 &#8211; 20 Tage<\/p>\n<table border=\"1\" cellspacing=\"0\" cellpadding=\"0\">\n<tbody>\n<tr>\n<td><strong>Menge<\/strong><\/td>\n<td><strong>Preis<\/strong><\/td>\n<\/tr>\n<tr>\n<td>1 &#8211; 2<\/td>\n<td>32,99 \u20ac<\/td>\n<\/tr>\n<tr>\n<td>3 &#8211; 19<\/td>\n<td>28,99 \u20ac<\/td>\n<\/tr>\n<tr>\n<td>20-50<\/td>\n<td>27,99 \u20ac<\/td>\n<\/tr>\n<\/tbody>\n<\/table>\n<p>&nbsp;<\/p>\n","protected":false},"featured_media":1140,"template":"","meta":[],"product_brand":[],"product_cat":[219,278],"product_tag":[],"class_list":{"0":"post-1166","1":"product","2":"type-product","3":"status-publish","4":"has-post-thumbnail","6":"product_cat-lsn-shop","7":"product_cat-taschen-rucksaecke-lsn","8":"description-off","10":"first","11":"instock","12":"sale","13":"taxable","14":"shipping-taxable","15":"purchasable","16":"product-type-variable"},"_links":{"self":[{"href":"https:\/\/sport-goslar.de\/verein-shop\/wp-json\/wp\/v2\/product\/1166","targetHints":{"allow":["GET"]}}],"collection":[{"href":"https:\/\/sport-goslar.de\/verein-shop\/wp-json\/wp\/v2\/product"}],"about":[{"href":"https:\/\/sport-goslar.de\/verein-shop\/wp-json\/wp\/v2\/types\/product"}],"wp:featuredmedia":[{"embeddable":true,"href":"https:\/\/sport-goslar.de\/verein-shop\/wp-json\/wp\/v2\/media\/1140"}],"wp:attachment":[{"href":"https:\/\/sport-goslar.de\/verein-shop\/wp-json\/wp\/v2\/media?parent=1166"}],"wp:term":[{"taxonomy":"product_brand","embeddable":true,"href":"https:\/\/sport-goslar.de\/verein-shop\/wp-json\/wp\/v2\/product_brand?post=1166"},{"taxonomy":"product_cat","embeddable":true,"href":"https:\/\/sport-goslar.de\/verein-shop\/wp-json\/wp\/v2\/product_cat?post=1166"},{"taxonomy":"product_tag","embeddable":true,"href":"https:\/\/sport-goslar.de\/verein-shop\/wp-json\/wp\/v2\/product_tag?post=1166"}],"curies":[{"name":"wp","href":"https:\/\/api.w.org\/{rel}","templated":true}]}}