{"id":1163,"date":"2021-04-14T15:47:31","date_gmt":"2021-04-14T13:47:31","guid":{"rendered":"https:\/\/sport-goslar.de\/verein-shop\/?post_type=product&#038;p=1163"},"modified":"2024-03-13T15:31:31","modified_gmt":"2024-03-13T14:31:31","slug":"hml-core-bag-groesse-l-inklusive-lsnn-logo","status":"publish","type":"product","link":"https:\/\/sport-goslar.de\/verein-shop\/produkt\/hml-core-bag-groesse-l-inklusive-lsnn-logo\/","title":{"rendered":"HML Core Bag Gr\u00f6\u00dfe L inklusive LSN Logo"},"content":{"rendered":"<p>Hey Wasserballer, Schwimmer und Turmspringer!<\/p>\n<p>Seid ihr schon auf unseren topaktuellen <strong>Onlineshop f\u00fcr den Landesschwimmverband Niedersachsen<\/strong> gesto\u00dfen?<\/p>\n<p>Wir sind absolut begeistert, euch die M\u00f6glichkeit zu bieten, eure Schwimmausr\u00fcstung undTeamkollektionen online zu pr\u00e4sentieren und die besten Produkte f\u00fcr euer Schwimmteam zu ergattern. Doch damit nicht genug \u2013 auch andere Schwimmverb\u00e4nde sollen von dieser Chance profitieren! Unser kompetentes Team steht bereit, um euren Verband individuell zu beraten und den optimalen Vereins-Onlineshop zu gestalten. Gemeinsam finden wir die passenden Produkte f\u00fcr euer Team \u2013 und das ohne zus\u00e4tzliche Kosten f\u00fcr euren Verband!<\/p>\n<p>Egal, ob ihr Mitglied im Landesschwimmverband Niedersachsen seid oder einem\u00a0 Verein angeh\u00f6rt, wir unterst\u00fctzen euch alle und tragen dazu bei, dass ihr euer Team mit Stolz repr\u00e4sentieren k\u00f6nnt. Dank unserer engen Beziehungen zu f\u00fchrenden Partnern in der Sportartikelindustrie k\u00f6nnen wir euch exklusive Konditionen und attraktive Sponsoring-Vereinbarungen bieten. Lasst uns gemeinsam euren Teamgeist st\u00e4rken und eure Vereinskollektionen auf ein neues Level heben! Kontaktiert uns noch heute und erfahrt, wie wir euch helfen k\u00f6nnen, euren eigenen Teamshop zu erstellen und eure Teams professionell auszustatten. Wir freuen uns darauf, von euch zu h\u00f6ren und gemeinsam mit euch durchzustarten!<\/p>\n<p>&nbsp;<\/p>\n<p>Jetzt Shop einrichten:<\/p>\n<p>Gemeinsam besprechen wir mit euch die individuelle Kollektion f\u00fcr euer Schwimmteam. In pers\u00f6nlichen Gespr\u00e4chen beraten wir euch, welcher deutsche oder europ\u00e4ische Hersteller am besten zu eurem Verband passt.<\/p>\n<p>&nbsp;<\/p>\n<p>Bestkonditionen und Gratisware sichern:<\/p>\n<p>Profitiert von unseren erstklassigen Konditionen und attraktiven Sponsoring-Vereinbarungen. Als Ausr\u00fcster verschiedener Landesverb\u00e4nde mit einer gro\u00dfen Mitgliederzahl haben wir exzellente Beziehungen zu spannenden Partnern in der Sportartikelindustrie.<\/p>\n<p>&nbsp;<\/p>\n<p>Eure Kollektion online ohne zus\u00e4tzliche Kosten:<\/p>\n<p>Bei uns entstehen keine Kosten f\u00fcr euren Verbandsshop. Wir programmieren den Onlineshop, bef\u00fcllen ihn mit den von euch ausgesuchten Artikeln, hinterlegen die Sonderpreise und \u00fcbernehmen die Pflege.<\/p>\n<p>&nbsp;<\/p>\n<p>Das &#8222;MIA SAN MIA&#8220; \u2013 Gef\u00fchl f\u00fcr euer Team:<\/p>\n<p>Ein einheitlicher, professioneller Auftritt st\u00e4rkt das Wir-Gef\u00fchl in eurem Team. Ob als Schwimmverband oder Fan \u2013 euer Team, eure Farben!<\/p>\n<p>&nbsp;<\/p>\n<p>Entlastung von Ehrenamtlichen:<\/p>\n<p>Jedes Teammitglied kann sich die Artikel einfach und bequem \u00fcber den individuellen Onlineshop bestellen. Die Verantwortlichen im Verband k\u00f6nnen sich ab sofort auf das Wesentliche konzentrieren.<\/p>\n<p>&nbsp;<\/p>\n<p>Pers\u00f6nliche Betreuung:<\/p>\n<p>Egal wo der Schuh dr\u00fcckt \u2013 euer pers\u00f6nlicher Ansprechpartner steht euch individuell zur Seite, von der richtigen Beflockung \u00fcber die Artikelauswahl bis hin zu Lieferterminen oder Sonderanfertigungen.&#8220;<\/p>\n<p>&nbsp;<\/p>\n<p>F\u00fcr R\u00fcckfragen stehe ich Euch jederzeit sehr gern zur Verf\u00fcgung!<\/p>\n<p>Sven Goslar<\/p>\n<p>&nbsp;<\/p>\n","protected":false},"excerpt":{"rendered":"<p><strong>Hummel Core Sporttasche inklusive LSN Logo Gr\u00f6\u00dfe L<br \/>\n<\/strong><\/p>\n<p>Mit der gef\u00fctterten hummel\u00ae CORE SPORTS BAG halten Sie Ordnung. Innen gef\u00fcttert , Rei\u00dfverschlusstasche, auff\u00e4llige Insignien, Innentasche mit Rei\u00dfverschluss, Qualit\u00e4t: 100 % Polyester, mit PU-Beschichtung auf der R\u00fcckseite Diese Sporttasche in perfekter Gr\u00f6\u00dfe bietet alles, inklusive Schulter- und Handschlaufen, Top Preis-Leistung, 69 Liter Volumen.Die Tasche wird mit eurem individuellem Vereinsnamen und dem Logo des Landesschwimmverband Niedersachsen bedruckt Art. 204012. Ware die individuell f\u00fcr euch veredelt wird (also z.B. mit Spielernamen, Nummern, Sponsorenlogos, Vereinswappen, Initalien, etc bedruckt\/beflockt wird) gilt als Sonderanfertigung und ist von einem Umtausch leider ausgeschlossen.<\/p>\n<p>UVP 44,99 \u20ac zuz\u00fcgl Druck<\/p>\n<p>Fb 2001 = schwarz<\/p>\n<p>Fb 2006 = grau<\/p>\n<p>Fb 3081 = rot<\/p>\n<p>Fb 3075 = royal<\/p>\n<p>Gr\u00f6\u00dfe\u00a0 L<\/p>\n<p>Lieferzeit: ca 3 &#8211; 10 Tage<\/p>\n<table border=\"1\" cellspacing=\"0\" cellpadding=\"0\">\n<tbody>\n<tr>\n<td><strong>Menge<\/strong><\/td>\n<td><strong>Preis<\/strong><\/td>\n<\/tr>\n<tr>\n<td>1 &#8211; 2<\/td>\n<td>38,99 \u20ac<\/td>\n<\/tr>\n<tr>\n<td>3 &#8211; 19<\/td>\n<td>34,99 \u20ac<\/td>\n<\/tr>\n<tr>\n<td>20-50<\/td>\n<td>32,99 \u20ac<\/td>\n<\/tr>\n<\/tbody>\n<\/table>\n<p>&nbsp;<\/p>\n","protected":false},"featured_media":1141,"template":"","meta":[],"product_brand":[],"product_cat":[219,278],"product_tag":[],"class_list":{"0":"post-1163","1":"product","2":"type-product","3":"status-publish","4":"has-post-thumbnail","6":"product_cat-lsn-shop","7":"product_cat-taschen-rucksaecke-lsn","8":"description-off","10":"first","11":"instock","12":"sale","13":"taxable","14":"shipping-taxable","15":"purchasable","16":"product-type-variable"},"_links":{"self":[{"href":"https:\/\/sport-goslar.de\/verein-shop\/wp-json\/wp\/v2\/product\/1163","targetHints":{"allow":["GET"]}}],"collection":[{"href":"https:\/\/sport-goslar.de\/verein-shop\/wp-json\/wp\/v2\/product"}],"about":[{"href":"https:\/\/sport-goslar.de\/verein-shop\/wp-json\/wp\/v2\/types\/product"}],"wp:featuredmedia":[{"embeddable":true,"href":"https:\/\/sport-goslar.de\/verein-shop\/wp-json\/wp\/v2\/media\/1141"}],"wp:attachment":[{"href":"https:\/\/sport-goslar.de\/verein-shop\/wp-json\/wp\/v2\/media?parent=1163"}],"wp:term":[{"taxonomy":"product_brand","embeddable":true,"href":"https:\/\/sport-goslar.de\/verein-shop\/wp-json\/wp\/v2\/product_brand?post=1163"},{"taxonomy":"product_cat","embeddable":true,"href":"https:\/\/sport-goslar.de\/verein-shop\/wp-json\/wp\/v2\/product_cat?post=1163"},{"taxonomy":"product_tag","embeddable":true,"href":"https:\/\/sport-goslar.de\/verein-shop\/wp-json\/wp\/v2\/product_tag?post=1163"}],"curies":[{"name":"wp","href":"https:\/\/api.w.org\/{rel}","templated":true}]}}