{"id":1120,"date":"2021-04-13T08:43:29","date_gmt":"2021-04-13T06:43:29","guid":{"rendered":"https:\/\/sport-goslar.de\/verein-shop\/?post_type=product&#038;p=1120"},"modified":"2024-03-11T17:41:28","modified_gmt":"2024-03-11T16:41:28","slug":"herren-bademantel-inklusive-vereinsname-tvn-logo","status":"publish","type":"product","link":"https:\/\/sport-goslar.de\/verein-shop\/produkt\/herren-bademantel-inklusive-vereinsname-tvn-logo\/","title":{"rendered":"Herren Bademantel inklusive Vereinsname + TVN Logo"},"content":{"rendered":"<p>Ware die invividuell f\u00fcr euch veredelt wird (also z.B. mit Spielernamen, Nummern, Sponsorenlogos, Vereinswappen, Initalien, etc bedruckt\/beflockt wird) gilt als Sonderanfertigung und ist von einem Umtausch leider ausgeschlossen.<\/p>\n<p>&nbsp;<\/p>\n<p>&nbsp;<\/p>\n<p>&nbsp;<\/p>\n<p>Hallo Triathlon-Begeisterte, seid ihr schon auf unseren neuen Onlineshop f\u00fcr den Triathlon Verband Niedersachsen gesto\u00dfen?<\/p>\n<p>Wir sind voller Energie und bereit, euch die besten Produkte f\u00fcr eure Wettk\u00e4mpfe zu pr\u00e4sentieren! Und ratet mal, was? Unser Shop ist nicht nur f\u00fcr Niedersachsen gedacht, sondern wir k\u00f6nnen auch f\u00fcr andere Triathlon-Verb\u00e4nde individuelle Online-Shops entwickeln!<\/p>\n<p>Lasst uns zusammen die Triathlon-Szene revolutionieren und zu neuen H\u00f6henfl\u00fcgen anspornen!<\/p>\n","protected":false},"excerpt":{"rendered":"<p><strong>Herren Bademantel inklusive Vereinsname + TVN Logo<br \/>\n<\/strong><\/p>\n<p>Oberstoff (320 g\/m\u00b2): 100% Baumwolle. Angenehm weicher Walkfrottier aus gek\u00e4mmter, ringgesponnener BIO-Baumwolle, beste Saugf\u00e4higkeit. Der Bademantel wird mit eurem individuellem Vereinsnamen und dem Logo des Triathlon Verband Niedersachsen bedruckt<\/p>\n<p>UVP 49,95 \u20ac<\/p>\n<p>Farben: graphit, wei\u00df, orchid-red, blau<\/p>\n<p>Doppelgr\u00f6\u00dfen: S\/M, L\/XL,\u00a0 XXL\/3XL<\/p>\n<p>Lieferzeit: ca 10 &#8211; 20 Tage<\/p>\n<table border=\"1\" cellspacing=\"0\" cellpadding=\"0\">\n<tbody>\n<tr>\n<td><strong>Menge<\/strong><\/td>\n<td><strong>Preis<\/strong><\/td>\n<\/tr>\n<tr>\n<td>1 &#8211; 2<\/td>\n<td>49,99 \u20ac<\/td>\n<\/tr>\n<tr>\n<td>3 &#8211; 19<\/td>\n<td>47,99 \u20ac<\/td>\n<\/tr>\n<tr>\n<td>20-50<\/td>\n<td>45,99 \u20ac<\/td>\n<\/tr>\n<\/tbody>\n<\/table>\n<p>&nbsp;<\/p>\n","protected":false},"featured_media":1117,"template":"","meta":[],"product_brand":[],"product_cat":[302,218],"product_tag":[],"class_list":{"0":"post-1120","1":"product","2":"type-product","3":"status-publish","4":"has-post-thumbnail","6":"product_cat-bademaentel-tvn","7":"product_cat-tvn-shop","8":"description-off","10":"first","11":"instock","12":"sale","13":"taxable","14":"shipping-taxable","15":"purchasable","16":"product-type-variable"},"_links":{"self":[{"href":"https:\/\/sport-goslar.de\/verein-shop\/wp-json\/wp\/v2\/product\/1120","targetHints":{"allow":["GET"]}}],"collection":[{"href":"https:\/\/sport-goslar.de\/verein-shop\/wp-json\/wp\/v2\/product"}],"about":[{"href":"https:\/\/sport-goslar.de\/verein-shop\/wp-json\/wp\/v2\/types\/product"}],"wp:featuredmedia":[{"embeddable":true,"href":"https:\/\/sport-goslar.de\/verein-shop\/wp-json\/wp\/v2\/media\/1117"}],"wp:attachment":[{"href":"https:\/\/sport-goslar.de\/verein-shop\/wp-json\/wp\/v2\/media?parent=1120"}],"wp:term":[{"taxonomy":"product_brand","embeddable":true,"href":"https:\/\/sport-goslar.de\/verein-shop\/wp-json\/wp\/v2\/product_brand?post=1120"},{"taxonomy":"product_cat","embeddable":true,"href":"https:\/\/sport-goslar.de\/verein-shop\/wp-json\/wp\/v2\/product_cat?post=1120"},{"taxonomy":"product_tag","embeddable":true,"href":"https:\/\/sport-goslar.de\/verein-shop\/wp-json\/wp\/v2\/product_tag?post=1120"}],"curies":[{"name":"wp","href":"https:\/\/api.w.org\/{rel}","templated":true}]}}