{"id":1111,"date":"2021-04-12T17:25:38","date_gmt":"2021-04-12T15:25:38","guid":{"rendered":"https:\/\/sport-goslar.de\/verein-shop\/?post_type=product&#038;p=1111"},"modified":"2024-03-11T17:42:09","modified_gmt":"2024-03-11T16:42:09","slug":"bademantel-inklusive-vereinsname-tvn-logo","status":"publish","type":"product","link":"https:\/\/sport-goslar.de\/verein-shop\/produkt\/bademantel-inklusive-vereinsname-tvn-logo\/","title":{"rendered":"Damen Bademantel inklusive Vereinsname + TVN Logo"},"content":{"rendered":"<p>Ware die invividuell f\u00fcr euch veredelt wird (also z.B. mit Spielernamen, Nummern, Sponsorenlogos, Vereinswappen, Initalien, etc bedruckt\/beflockt wird) gilt als Sonderanfertigung und ist von einem Umtausch leider ausgeschlossen.<\/p>\n<p>&nbsp;<\/p>\n<p>Hey Triathlon-Fans und Verb\u00e4nde!<\/p>\n<p>&nbsp;<\/p>\n<p>Seid ihr schon auf unseren brandneuen Onlineshop f\u00fcr den Triathlon Verband Niedersachsen gesto\u00dfen?<\/p>\n<p>Wir sind hocherfreut, euch die M\u00f6glichkeit zu bieten, eure Vereinskollektionen online zu pr\u00e4sentieren und die optimalen Produkte f\u00fcr euer Team zu sichern. Aber hier ist der Clou: Diese M\u00f6glichkeit ist nicht nur auf uns beschr\u00e4nkt \u2013 wir m\u00f6chten auch anderen Verb\u00e4nden die Gelegenheit geben, einen ma\u00dfgeschneiderten Shop zu erhalten! Unser erfahrenes Team steht bereit, um euren Verband individuell zu beraten und den perfekten Onlineshop zu gestalten. Gemeinsam analysieren wir eure Bed\u00fcrfnisse und w\u00e4hlen die passenden Produkte aus \u2013 und das alles ohne zus\u00e4tzliche Kosten f\u00fcr euren Verband!<\/p>\n<p>&nbsp;<\/p>\n<p>Ganz gleich, ob ihr dem Nieders\u00e4chsischen Triathlon Verband angeh\u00f6rt oder einem anderen Landesverband, wir unterst\u00fctzen euch alle und tragen dazu bei, dass ihr eure Teams mit Stolz repr\u00e4sentieren k\u00f6nnt. Dank unserer engen Beziehungen zu f\u00fchrenden Partnern in der Sportartikelindustrie k\u00f6nnen wir euch exklusive Konditionen und attraktive Sponsoring-Vereinbarungen bieten. Lasst uns gemeinsam euren Teamgeist st\u00e4rken und eure Vereinskollektionen auf ein neues Level heben! Kontaktiert uns noch heute und erfahrt, wie wir euch helfen k\u00f6nnen, euren eigenen Onlineshop zu erstellen und eure Teams professionell auszustatten.<\/p>\n<p>&nbsp;<\/p>\n<p>Wir freuen uns darauf, von euch zu h\u00f6ren und gemeinsam mit euch durchzustarten!<\/p>\n","protected":false},"excerpt":{"rendered":"<p><strong>Damen Bademantel inklusive Vereinsname + TVN Logo<br \/>\n<\/strong><\/p>\n<p>Oberstoff (320 g\/m\u00b2): 100% Baumwolle. Angenehm weicher Walkfrottier aus gek\u00e4mmter, ringgesponnener BIO-Baumwolle, beste Saugf\u00e4higkeit. Taillierte Damenschnittform. Der Bademantel wird mit eurem individuellem Vereinsnamen und dem Logo des Triathlon Verband Niedersachsen bedruckt<\/p>\n<p>UVP 49,95 \u20ac<\/p>\n<p>Farben: graphit, wei\u00df, orchid-red, blau<\/p>\n<p>Doppelgr\u00f6\u00dfen: S\/M, L\/XL,\u00a0 XXL\/3XL<\/p>\n<p>Lieferzeit: ca 10 &#8211; 20 Tage<\/p>\n<table border=\"1\" cellspacing=\"0\" cellpadding=\"0\">\n<tbody>\n<tr>\n<td><strong>Menge<\/strong><\/td>\n<td><strong>Preis<\/strong><\/td>\n<\/tr>\n<tr>\n<td>1 &#8211; 2<\/td>\n<td>49,99 \u20ac<\/td>\n<\/tr>\n<tr>\n<td>3 &#8211; 19<\/td>\n<td>47,99 \u20ac<\/td>\n<\/tr>\n<tr>\n<td>20-50<\/td>\n<td>45,99 \u20ac<\/td>\n<\/tr>\n<\/tbody>\n<\/table>\n<p>&nbsp;<\/p>\n","protected":false},"featured_media":1113,"template":"","meta":[],"product_brand":[],"product_cat":[302,218],"product_tag":[],"class_list":{"0":"post-1111","1":"product","2":"type-product","3":"status-publish","4":"has-post-thumbnail","6":"product_cat-bademaentel-tvn","7":"product_cat-tvn-shop","8":"description-off","10":"first","11":"instock","12":"sale","13":"taxable","14":"shipping-taxable","15":"purchasable","16":"product-type-variable"},"_links":{"self":[{"href":"https:\/\/sport-goslar.de\/verein-shop\/wp-json\/wp\/v2\/product\/1111","targetHints":{"allow":["GET"]}}],"collection":[{"href":"https:\/\/sport-goslar.de\/verein-shop\/wp-json\/wp\/v2\/product"}],"about":[{"href":"https:\/\/sport-goslar.de\/verein-shop\/wp-json\/wp\/v2\/types\/product"}],"wp:featuredmedia":[{"embeddable":true,"href":"https:\/\/sport-goslar.de\/verein-shop\/wp-json\/wp\/v2\/media\/1113"}],"wp:attachment":[{"href":"https:\/\/sport-goslar.de\/verein-shop\/wp-json\/wp\/v2\/media?parent=1111"}],"wp:term":[{"taxonomy":"product_brand","embeddable":true,"href":"https:\/\/sport-goslar.de\/verein-shop\/wp-json\/wp\/v2\/product_brand?post=1111"},{"taxonomy":"product_cat","embeddable":true,"href":"https:\/\/sport-goslar.de\/verein-shop\/wp-json\/wp\/v2\/product_cat?post=1111"},{"taxonomy":"product_tag","embeddable":true,"href":"https:\/\/sport-goslar.de\/verein-shop\/wp-json\/wp\/v2\/product_tag?post=1111"}],"curies":[{"name":"wp","href":"https:\/\/api.w.org\/{rel}","templated":true}]}}