{"id":1100,"date":"2021-04-12T13:10:33","date_gmt":"2021-04-12T11:10:33","guid":{"rendered":"https:\/\/sport-goslar.de\/verein-shop\/?post_type=product&#038;p=1100"},"modified":"2024-05-07T11:05:34","modified_gmt":"2024-05-07T09:05:34","slug":"hml-cotton-zip-hoodie-damen-mtv-wolfenbuettel-inklusive-brustwappen","status":"publish","type":"product","link":"https:\/\/sport-goslar.de\/verein-shop\/produkt\/hml-cotton-zip-hoodie-damen-mtv-wolfenbuettel-inklusive-brustwappen\/","title":{"rendered":"HML Cotton Zip Hoodie Damen MTV Wolfenb\u00fcttel inklusive Brustwappen"},"content":{"rendered":"<p>Willkommen liebe Sportbegeisterte und Mitglieder des MTV Wolfenb\u00fcttel! Seid ihr schon auf unseren brandneuen Onlineshop gesto\u00dfen?<\/p>\n<p>Hier habt ihr nicht nur die M\u00f6glichkeit, eure Vereinskollektionen zu entdecken, sondern auch die besten Produkte f\u00fcr euer Team zu sichern. Doch das ist l\u00e4ngst nicht alles \u2013 wir m\u00f6chten auch anderen Vereinen die M\u00f6glichkeit geben, ihre eigenen individuellen Shops zu bekommen! Unser erfahrenes Team steht bereit, um euch bei der Erstellung eures eigenen Onlineshops zu unterst\u00fctzen. Und das Beste daran? Es entstehen keine zus\u00e4tzlichen Kosten f\u00fcr euren Verein! Wir sind hier, um euch alle zu unterst\u00fctzen und sicherzustellen, dass ihr euer Team mit Stolz repr\u00e4sentieren k\u00f6nnt.<\/p>\n<p>Dank unserer starken Partnerschaften in der Sportartikelindustrie k\u00f6nnen wir euch erstklassige Konditionen und attraktive Sponsoring-Vereinbarungen bieten. Lasst uns gemeinsam euren Teamgeist st\u00e4rken und eure Vereinskollektionen auf ein neues Level bringen! Kontaktiert uns noch heute, um mehr \u00fcber die Erstellung eures eigenen Onlineshops zu erfahren. Wir freuen uns darauf, von euch zu h\u00f6ren und mit euch gemeinsam durchzustarten!<\/p>\n<p>&nbsp;<\/p>\n<p>&nbsp;<\/p>\n<p>&nbsp;<\/p>\n<p>&nbsp;<\/p>\n<p>Ware die invividuell f\u00fcr euch veredelt wird (also z.B. mit Spielernamen, Nummern, Sponsorenlogos, Vereinswappen, Initalien, etc bedruckt\/beflockt wird) gilt als Sonderanfertigung und ist von einem Umtausch leider ausgeschlossen.<\/p>\n","protected":false},"excerpt":{"rendered":"<p><strong>HML Damen Kapuzenjacke MTV Wolfenb\u00fcttel inklusive Brustwappen<br \/>\n<\/strong><\/p>\n<div class=\"attributes d-flex flex-column pl-0 pr-0\">\n<div class=\"product-detail-secondary-content\">\n<p>Diese modische HMLGO KIDS COTTON ZIP HOODIE hat alles &#8211; einen Roll-Top-Tunnelzugkragen, einen durchgehenden Rei\u00dfverschluss und sportliche Schulterpartien sowie ein subtil gedrucktes hummel\u00ae-Logo. Vereinwappen des MTV Wolfenb\u00fcttel auf der Brust.Taillierter Damenschnitt\u00a0 Art.204232<\/p>\n<p>UVP 54,99 \u20ac zuz\u00fcgl Druck (je nach Druckmenge 5,25 bis 10,99 \u20ac je Seite)<\/p>\n<\/div>\n<\/div>\n<p>FB 7045=royalblau\/wei\u00df<\/p>\n<p>FB 2001=schwarz\/wei\u00df<\/p>\n<p>FB 3062=rot\/wei\u00df<\/p>\n<p>Gr\u00f6\u00dfe\u00a0 XS &#8211; 2XL<\/p>\n<div class=\"attributes d-flex flex-column pl-0 pr-0\">\n<div class=\"product-detail-secondary-content\"><\/div>\n<\/div>\n<p>&nbsp;<\/p>\n<table border=\"1\" cellspacing=\"0\" cellpadding=\"0\">\n<tbody>\n<tr>\n<td><strong>Menge<\/strong><\/td>\n<td><strong>Preis<\/strong><\/td>\n<\/tr>\n<tr>\n<td>1 &#8211; 2<\/td>\n<td>45,99 \u20ac<\/td>\n<\/tr>\n<tr>\n<td>3 &#8211; 9<\/td>\n<td>40,99 \u20ac<\/td>\n<\/tr>\n<tr>\n<td>10-50<\/td>\n<td>38,99 \u20ac<\/td>\n<\/tr>\n<\/tbody>\n<\/table>\n<p>&nbsp;<\/p>\n<p>&nbsp;<\/p>\n","protected":false},"featured_media":1097,"template":"","meta":[],"product_brand":[],"product_cat":[251,220],"product_tag":[],"class_list":{"0":"post-1100","1":"product","2":"type-product","3":"status-publish","4":"has-post-thumbnail","6":"product_cat-kollektion-mtv-wolfenbuettel","7":"product_cat-mtv-wolfenbuettel","8":"description-off","10":"first","11":"instock","12":"sale","13":"taxable","14":"shipping-taxable","15":"purchasable","16":"product-type-variable"},"_links":{"self":[{"href":"https:\/\/sport-goslar.de\/verein-shop\/wp-json\/wp\/v2\/product\/1100","targetHints":{"allow":["GET"]}}],"collection":[{"href":"https:\/\/sport-goslar.de\/verein-shop\/wp-json\/wp\/v2\/product"}],"about":[{"href":"https:\/\/sport-goslar.de\/verein-shop\/wp-json\/wp\/v2\/types\/product"}],"wp:featuredmedia":[{"embeddable":true,"href":"https:\/\/sport-goslar.de\/verein-shop\/wp-json\/wp\/v2\/media\/1097"}],"wp:attachment":[{"href":"https:\/\/sport-goslar.de\/verein-shop\/wp-json\/wp\/v2\/media?parent=1100"}],"wp:term":[{"taxonomy":"product_brand","embeddable":true,"href":"https:\/\/sport-goslar.de\/verein-shop\/wp-json\/wp\/v2\/product_brand?post=1100"},{"taxonomy":"product_cat","embeddable":true,"href":"https:\/\/sport-goslar.de\/verein-shop\/wp-json\/wp\/v2\/product_cat?post=1100"},{"taxonomy":"product_tag","embeddable":true,"href":"https:\/\/sport-goslar.de\/verein-shop\/wp-json\/wp\/v2\/product_tag?post=1100"}],"curies":[{"name":"wp","href":"https:\/\/api.w.org\/{rel}","templated":true}]}}