{"id":1087,"date":"2021-04-12T12:31:57","date_gmt":"2021-04-12T10:31:57","guid":{"rendered":"https:\/\/sport-goslar.de\/verein-shop\/?post_type=product&#038;p=1087"},"modified":"2024-05-07T11:12:14","modified_gmt":"2024-05-07T09:12:14","slug":"hml-funktions-tee-kinder-mtv-wolfenbuettel-inklusive-brustwappen","status":"publish","type":"product","link":"https:\/\/sport-goslar.de\/verein-shop\/produkt\/hml-funktions-tee-kinder-mtv-wolfenbuettel-inklusive-brustwappen\/","title":{"rendered":"HML Funktions Tee Kinder MTV Wolfenb\u00fcttel inklusive Brustwappen"},"content":{"rendered":"<p>Hallo liebe Mitglieder des MTV Wolfenb\u00fcttel und alle Sportfans!<\/p>\n<p>Wir sind aufgeregt, euch unseren neuen Onlineshop vorzustellen, der speziell f\u00fcr euren Verein entwickelt wurde! Hier k\u00f6nnt ihr nicht nur eure Vereinskollektionen pr\u00e4sentieren, sondern auch die besten Produkte f\u00fcr euer Team bestellen. Und das Beste daran?<\/p>\n<p>Wir m\u00f6chten auch anderen Sportvereinen die M\u00f6glichkeit bieten, ihre eigenen individuellen Shops zu erhalten!<\/p>\n<p>Unser Team steht bereit, um euch bei der Erstellung eures eigenen Onlineshops zu unterst\u00fctzen \u2013 und das ohne zus\u00e4tzliche Kosten f\u00fcr euren Breitensportverein!<\/p>\n<p>&nbsp;<\/p>\n<p>&nbsp;<\/p>\n<p>&nbsp;<\/p>\n<p>&nbsp;<\/p>\n<p>Ware die invividuell f\u00fcr euch veredelt wird (also z.B. mit Spielernamen, Nummern, Sponsorenlogos, Vereinswappen, Initalien, etc bedruckt\/beflockt wird) gilt als Sonderanfertigung und ist von einem Umtausch leider ausgeschlossen.<\/p>\n","protected":false},"excerpt":{"rendered":"<p><strong>HML Kinder Poly T-Shirt Core\u00a0 MTV Wolfenb\u00fcttel inklusive Brustwappen<br \/>\n<\/strong><\/p>\n<p>BC PROD Das CORE POLYESTER TEE ist da, um Sie durch die gesamte Saison zu begleiten. Als weiches und leichtes HUMMEL\u00ae-Kleidungsst\u00fcck bildet das T-Shirt die einfache Grundschicht &#8211; kombinieren Sie es mit einer Rei\u00dfverschlussjacke oder einem Hoodie! Dieses T-Shirt hat eine normale Passform. Vereinwappen des MTV Wolfenb\u00fcttel auf der Brust.Unisexschnitt\u00a0 Art.212644<\/p>\n<p>UVP 19,99 \u20ac zuz\u00fcgl Druck (je nach Druckmenge 5,25 bis 10,99 \u20ac je Seite)<\/p>\n<p>FB 7045=royalblau\/wei\u00df<\/p>\n<p>FB 2001=schwarz\/wei\u00df<\/p>\n<p>FB 3062=rot\/wei\u00df<\/p>\n<p>Gr\u00f6\u00dfe\u00a0 116 &#8211; 176<\/p>\n<p>Lieferzeit: ca 10 &#8211; 20 Tage<\/p>\n<p>&nbsp;<\/p>\n<table border=\"1\" cellspacing=\"0\" cellpadding=\"0\">\n<tbody>\n<tr>\n<td><strong>Menge<\/strong><\/td>\n<td><strong>Preis<\/strong><\/td>\n<\/tr>\n<tr>\n<td>1 &#8211; 4<\/td>\n<td>23,99 \u20ac<\/td>\n<\/tr>\n<tr>\n<td>5 &#8211; 9<\/td>\n<td>18,99 \u20ac<\/td>\n<\/tr>\n<tr>\n<td>10-50<\/td>\n<td>17,99 \u20ac<\/td>\n<\/tr>\n<\/tbody>\n<\/table>\n<p>&nbsp;<\/p>\n","protected":false},"featured_media":1091,"template":"","meta":[],"product_brand":[],"product_cat":[251,220],"product_tag":[],"class_list":{"0":"post-1087","1":"product","2":"type-product","3":"status-publish","4":"has-post-thumbnail","6":"product_cat-kollektion-mtv-wolfenbuettel","7":"product_cat-mtv-wolfenbuettel","8":"description-off","10":"first","11":"instock","12":"sale","13":"taxable","14":"shipping-taxable","15":"purchasable","16":"product-type-variable"},"_links":{"self":[{"href":"https:\/\/sport-goslar.de\/verein-shop\/wp-json\/wp\/v2\/product\/1087","targetHints":{"allow":["GET"]}}],"collection":[{"href":"https:\/\/sport-goslar.de\/verein-shop\/wp-json\/wp\/v2\/product"}],"about":[{"href":"https:\/\/sport-goslar.de\/verein-shop\/wp-json\/wp\/v2\/types\/product"}],"wp:featuredmedia":[{"embeddable":true,"href":"https:\/\/sport-goslar.de\/verein-shop\/wp-json\/wp\/v2\/media\/1091"}],"wp:attachment":[{"href":"https:\/\/sport-goslar.de\/verein-shop\/wp-json\/wp\/v2\/media?parent=1087"}],"wp:term":[{"taxonomy":"product_brand","embeddable":true,"href":"https:\/\/sport-goslar.de\/verein-shop\/wp-json\/wp\/v2\/product_brand?post=1087"},{"taxonomy":"product_cat","embeddable":true,"href":"https:\/\/sport-goslar.de\/verein-shop\/wp-json\/wp\/v2\/product_cat?post=1087"},{"taxonomy":"product_tag","embeddable":true,"href":"https:\/\/sport-goslar.de\/verein-shop\/wp-json\/wp\/v2\/product_tag?post=1087"}],"curies":[{"name":"wp","href":"https:\/\/api.w.org\/{rel}","templated":true}]}}