{"id":1085,"date":"2021-04-12T12:12:04","date_gmt":"2021-04-12T10:12:04","guid":{"rendered":"https:\/\/sport-goslar.de\/verein-shop\/?post_type=product&#038;p=1085"},"modified":"2024-05-07T11:14:23","modified_gmt":"2024-05-07T09:14:23","slug":"hml-regenjacke-kinder-mtv-wolfenbuettel-inklusive-brustwappen","status":"publish","type":"product","link":"https:\/\/sport-goslar.de\/verein-shop\/produkt\/hml-regenjacke-kinder-mtv-wolfenbuettel-inklusive-brustwappen\/","title":{"rendered":"HML Regenjacke Kinder MTV Wolfenb\u00fcttel inklusive Brustwappen"},"content":{"rendered":"<p>Gesch\u00e4tzte Mitglieder des MTV Wolfenb\u00fcttel!<\/p>\n<p>Wir sind hocherfreut, euch unseren brandneuen Onlineshop f\u00fcr den MTV Wolfenb\u00fcttel vorzustellen!<\/p>\n<p>In unserem Shop habt ihr die M\u00f6glichkeit, eure Vereinskollektionen optimal zu pr\u00e4sentieren und hochwertige Produkte f\u00fcr euer Team zu ergattern.<\/p>\n<p>Doch das ist l\u00e4ngst nicht alles \u2013 wir m\u00f6chten auch anderen Breitensportvereinen die Chance geben, ihre individuellen Shops zu gestalten!<\/p>\n<p>Unser erfahrenes Team steht bereit, um euch bei der Erstellung eures eigenen Onlineshops zu unterst\u00fctzen. Dabei entstehen keinerlei zus\u00e4tzliche Kosten f\u00fcr euren Verein!<\/p>\n<p>&nbsp;<\/p>\n<p>Dank unserer engen Beziehungen zu f\u00fchrenden Partnern in der Sportartikelindustrie k\u00f6nnen wir euch erstklassige Konditionen und attraktive Sponsoring-Vereinbarungen bieten.<\/p>\n<p>Lasst uns gemeinsam euren Teamgeist st\u00e4rken und eure Vereinskollektionen auf ein neues Level heben!<\/p>\n<p>&nbsp;<\/p>\n<p>Kontaktiert uns noch heute, um mehr dar\u00fcber zu erfahren, wie wir euch bei der Erstellung eures eigenen Onlineshops unterst\u00fctzen k\u00f6nnen.<\/p>\n<p>&nbsp;<\/p>\n<p>Wir freuen uns darauf, von euch zu h\u00f6ren und gemeinsam mit euch durchzustarten!<\/p>\n<p>&nbsp;<\/p>\n<p>&nbsp;<\/p>\n<p>&nbsp;<\/p>\n<p>&nbsp;<\/p>\n<p>&nbsp;<\/p>\n<p>&nbsp;<\/p>\n<p>Ware die invividuell f\u00fcr euch veredelt wird (also z.B. mit Spielernamen, Nummern, Sponsorenlogos, Vereinswappen, Initalien, etc bedruckt\/beflockt wird) gilt als Sonderanfertigung und ist von einem Umtausch leider ausgeschlossen.<\/p>\n","protected":false},"excerpt":{"rendered":"<p><strong>HML Kinder Regenjacke MTV Wolfenb\u00fcttel inklusive Brustwappen<br \/>\n<\/strong><\/p>\n<p>Die CORE SPRAY JACKET mit Rei\u00dfverschluss ist ein Muss f\u00fcr Au\u00dfentraining! Die Jacke ist nicht nur bequem &#8211; sie ist auch wasserabweisend behandelt bis 2000m und h\u00e4lt bei leichtem Regen trocken. In den Taschen mit Rei\u00dfverschluss sind deine Sachen sicher, der Bund sorgt f\u00fcr eine optimale Passform. Ein zeitloser Klassiker. Vereinwappen des MTV Wolfenb\u00fcttel auf der Brust.Unisexschnitt\u00a0 Art.211487<\/p>\n<p>UVP 44,99 \u20ac zuz\u00fcgl Druck (je nach Druckmenge 5,25 bis 10,99 \u20ac je Seite)<\/p>\n<p>FB 7045=royalblau\/wei\u00df<\/p>\n<p>FB 2001=schwarz\/wei\u00df<\/p>\n<p>FB 3062=rot\/wei\u00df<\/p>\n<p>Gr\u00f6\u00dfe\u00a0 116 &#8211; 176<\/p>\n<p>Lieferzeit: ca 10 &#8211; 20 Tage<\/p>\n<p>&nbsp;<\/p>\n<table border=\"1\" cellspacing=\"0\" cellpadding=\"0\">\n<tbody>\n<tr>\n<td><strong>Menge<\/strong><\/td>\n<td><strong>Preis<\/strong><\/td>\n<\/tr>\n<tr>\n<td>1 &#8211; 4<\/td>\n<td>38,99 \u20ac<\/td>\n<\/tr>\n<tr>\n<td>5 &#8211; 9<\/td>\n<td>34,99 \u20ac<\/td>\n<\/tr>\n<tr>\n<td>10-50<\/td>\n<td>32,99 \u20ac<\/td>\n<\/tr>\n<\/tbody>\n<\/table>\n<p>&nbsp;<\/p>\n","protected":false},"featured_media":1082,"template":"","meta":[],"product_brand":[],"product_cat":[251,220],"product_tag":[],"class_list":{"0":"post-1085","1":"product","2":"type-product","3":"status-publish","4":"has-post-thumbnail","6":"product_cat-kollektion-mtv-wolfenbuettel","7":"product_cat-mtv-wolfenbuettel","8":"description-off","10":"first","11":"instock","12":"sale","13":"taxable","14":"shipping-taxable","15":"purchasable","16":"product-type-variable"},"_links":{"self":[{"href":"https:\/\/sport-goslar.de\/verein-shop\/wp-json\/wp\/v2\/product\/1085","targetHints":{"allow":["GET"]}}],"collection":[{"href":"https:\/\/sport-goslar.de\/verein-shop\/wp-json\/wp\/v2\/product"}],"about":[{"href":"https:\/\/sport-goslar.de\/verein-shop\/wp-json\/wp\/v2\/types\/product"}],"wp:featuredmedia":[{"embeddable":true,"href":"https:\/\/sport-goslar.de\/verein-shop\/wp-json\/wp\/v2\/media\/1082"}],"wp:attachment":[{"href":"https:\/\/sport-goslar.de\/verein-shop\/wp-json\/wp\/v2\/media?parent=1085"}],"wp:term":[{"taxonomy":"product_brand","embeddable":true,"href":"https:\/\/sport-goslar.de\/verein-shop\/wp-json\/wp\/v2\/product_brand?post=1085"},{"taxonomy":"product_cat","embeddable":true,"href":"https:\/\/sport-goslar.de\/verein-shop\/wp-json\/wp\/v2\/product_cat?post=1085"},{"taxonomy":"product_tag","embeddable":true,"href":"https:\/\/sport-goslar.de\/verein-shop\/wp-json\/wp\/v2\/product_tag?post=1085"}],"curies":[{"name":"wp","href":"https:\/\/api.w.org\/{rel}","templated":true}]}}