{"id":1074,"date":"2021-04-20T14:38:14","date_gmt":"2021-04-20T12:38:14","guid":{"rendered":"https:\/\/sport-goslar.de\/verein-shop\/?post_type=product&#038;p=1074"},"modified":"2024-02-27T12:41:51","modified_gmt":"2024-02-27T11:41:51","slug":"tvn-doppelfleece-after-race-jacke","status":"publish","type":"product","link":"https:\/\/sport-goslar.de\/verein-shop\/produkt\/tvn-doppelfleece-after-race-jacke\/","title":{"rendered":"TVN Herren Doubleface AFTER RACE Jacke"},"content":{"rendered":"<p>Ware die individuell f\u00fcr euch veredelt wird (also z.B. mit Spielernamen, Nummern, Sponsorenlogos, Vereinswappen, Initalien, etc bedruckt\/beflockt wird) gilt als Sonderanfertigung und ist von einem Umtausch leider ausgeschlossen.<\/p>\n","protected":false},"excerpt":{"rendered":"<p><strong>Herren TVN Doubleface AFTER RACE Jacke<\/strong><\/p>\n<p>Sportive Sweatjacke mit Kapuze. Innenfutter aus hochwertigem Fleece. Oberstoff (380 g\/m\u00b2): 55% Polyester, 45% Baumwolle. Full-Zip, Kordel und Innenseite in Kontrastfarbe. Kapuze mit Kinnschutz, elastische B\u00fcndchen an Arm- und Bundabschluss, angesetzte \u00c4rmel, K\u00e4ngurutasche, Flatlockn\u00e4hte. <strong>Ihr bekommt diese hochwertige Kapuzenjacke inklusive eurem individuellem Vereinsnamen und dem TVN Logo auf dem R\u00fccken<\/strong><\/p>\n<p>Fb = navy\/aqua<\/p>\n<p>Fb = navy\/rot<\/p>\n<p>Fb = hellgrau\/navy<\/p>\n<p>Fb = grau\/orange<\/p>\n<p>Fb= rot\/\/grau<\/p>\n<p>Fb= schwarz\/grau<\/p>\n<p>Fb= gr\u00fcn\/grau<\/p>\n<p>Fb=hellblau\/navy<\/p>\n<p>&nbsp;<\/p>\n<p>Gr\u00f6\u00dfe\u00a0 S &#8211; 2XL<\/p>\n<p>Lieferzeit: ca 10 &#8211; 20 Tage<\/p>\n<p>&nbsp;<\/p>\n<table border=\"1\" cellspacing=\"0\" cellpadding=\"0\">\n<tbody>\n<tr>\n<td><strong>Menge<\/strong><\/td>\n<td><strong>Preis<\/strong><\/td>\n<\/tr>\n<tr>\n<td>1 &#8211; 4<\/td>\n<td>59,99 \u20ac<\/td>\n<\/tr>\n<tr>\n<td>5 &#8211; 9<\/td>\n<td>55,99 \u20ac<\/td>\n<\/tr>\n<tr>\n<td>10-50<\/td>\n<td>53,99 \u20ac<\/td>\n<\/tr>\n<\/tbody>\n<\/table>\n<p>&nbsp;<\/p>\n","protected":false},"featured_media":1584,"template":"","meta":[],"product_brand":[],"product_cat":[317],"product_tag":[],"class_list":{"0":"post-1074","1":"product","2":"type-product","3":"status-publish","4":"has-post-thumbnail","6":"product_cat-tvn-kollektion","7":"description-off","9":"first","10":"instock","11":"taxable","12":"shipping-taxable","13":"purchasable","14":"product-type-variable"},"_links":{"self":[{"href":"https:\/\/sport-goslar.de\/verein-shop\/wp-json\/wp\/v2\/product\/1074","targetHints":{"allow":["GET"]}}],"collection":[{"href":"https:\/\/sport-goslar.de\/verein-shop\/wp-json\/wp\/v2\/product"}],"about":[{"href":"https:\/\/sport-goslar.de\/verein-shop\/wp-json\/wp\/v2\/types\/product"}],"wp:featuredmedia":[{"embeddable":true,"href":"https:\/\/sport-goslar.de\/verein-shop\/wp-json\/wp\/v2\/media\/1584"}],"wp:attachment":[{"href":"https:\/\/sport-goslar.de\/verein-shop\/wp-json\/wp\/v2\/media?parent=1074"}],"wp:term":[{"taxonomy":"product_brand","embeddable":true,"href":"https:\/\/sport-goslar.de\/verein-shop\/wp-json\/wp\/v2\/product_brand?post=1074"},{"taxonomy":"product_cat","embeddable":true,"href":"https:\/\/sport-goslar.de\/verein-shop\/wp-json\/wp\/v2\/product_cat?post=1074"},{"taxonomy":"product_tag","embeddable":true,"href":"https:\/\/sport-goslar.de\/verein-shop\/wp-json\/wp\/v2\/product_tag?post=1074"}],"curies":[{"name":"wp","href":"https:\/\/api.w.org\/{rel}","templated":true}]}}