{"id":1060,"date":"2021-04-10T16:25:24","date_gmt":"2021-04-10T14:25:24","guid":{"rendered":"https:\/\/sport-goslar.de\/verein-shop\/?post_type=product&#038;p=1060"},"modified":"2024-05-07T11:57:19","modified_gmt":"2024-05-07T09:57:19","slug":"hml-damen-t-shirt-mtv-wolfenbuettel-inklusive-brustwappen","status":"publish","type":"product","link":"https:\/\/sport-goslar.de\/verein-shop\/produkt\/hml-damen-t-shirt-mtv-wolfenbuettel-inklusive-brustwappen\/","title":{"rendered":"HML Damen T-Shirt MTV Wolfenb\u00fcttel inklusive Brustwappen"},"content":{"rendered":"<p>Hall\u00f6chen Sportsfreunde und Fans des MTV Wolfenb\u00fcttel!<\/p>\n<p>Habt ihr schon unseren genialen Onlineshop f\u00fcr den MTV Wolfenb\u00fcttel entdeckt? Wir sind total aus dem H\u00e4uschen, euch die Chance zu geben, eure Vereinskollektion online zu pr\u00e4sentieren und die besten Schn\u00e4ppchen f\u00fcr euer Team zu machen.<\/p>\n<p>Und mal so unter uns: Das gilt doch nicht nur f\u00fcr den MTV Wolfenb\u00fcttel, oder?<\/p>\n<p>Wir k\u00f6nnen auch f\u00fcr alle anderen Vereine einen individuellen Shop aus dem Boden stampfen!<\/p>\n<p>Unser Team steht in den Startl\u00f6chern, um euch pers\u00f6nlich zu beraten und den ultimativen Onlineshop zu zimmern.<\/p>\n<p>&nbsp;<\/p>\n<p>&nbsp;<\/p>\n<p>&nbsp;<\/p>\n<p>&nbsp;<\/p>\n<p>Ware die invividuell f\u00fcr euch veredelt wird (also z.B. mit Spielernamen, Nummern, Sponsorenlogos, Vereinswappen, Initalien, etc bedruckt\/beflockt wird) gilt als Sonderanfertigung und ist von einem Umtausch leider ausgeschlossen.<\/p>\n","protected":false},"excerpt":{"rendered":"<p><strong>HHML Damen T-Shirt MTV Wolfenb\u00fcttel inklusive Brustwappen<br \/>\n<\/strong><\/p>\n<p>Das klassische hummel\u00ae HMLGO COTTON ist perfekt f\u00fcr Pr\u00e4sentationzwecke und als Alltagsbekleidung. Das T-Shirt f\u00fcr den MTV Wolfenb\u00fcttel ist aus weicher Baumwolle mit \u00c4rmel-Chevrons und dezentem Logo-Print vereint die heilige Dreifaltigkeit der Fashion S \u2013 sportlich, stylish und super-bequem. Soft-Feel, sportliche \u00c4rmelchevrons subtil gedrucktes Logo, Vereinwappen des MTV Wolfenb\u00fcttel auf der Brust Qualit\u00e4t: 100 % Baumwolle. Taillierter Damenschnitt Art.203440<\/p>\n<p>UVP 19,99 \u20ac zuz\u00fcgl Druck (je nach Druckmenge 5,25 bis 10,99 \u20ac je Seite)<\/p>\n<p>FB 7045=royalblau\/wei\u00df<\/p>\n<p>FB 2006=grau\/wei\u00df<\/p>\n<p>FB 3062=rot\/wei\u00df<\/p>\n<p>Gr\u00f6\u00dfe\u00a0 XS &#8211; 2XL<\/p>\n<p>Lieferzeit: ca 10 &#8211; 20 Tage<\/p>\n<p>&nbsp;<\/p>\n<table border=\"1\" cellspacing=\"0\" cellpadding=\"0\">\n<tbody>\n<tr>\n<td><strong>Menge<\/strong><\/td>\n<td><strong>Preis<\/strong><\/td>\n<\/tr>\n<tr>\n<td>1 &#8211; 4<\/td>\n<td>23,99 \u20ac<\/td>\n<\/tr>\n<tr>\n<td>5 &#8211; 9<\/td>\n<td>18,99 \u20ac<\/td>\n<\/tr>\n<tr>\n<td>10-50<\/td>\n<td>17,99 \u20ac<\/td>\n<\/tr>\n<\/tbody>\n<\/table>\n<p>&nbsp;<\/p>\n","protected":false},"featured_media":1058,"template":"","meta":[],"product_brand":[],"product_cat":[251,220],"product_tag":[],"class_list":{"0":"post-1060","1":"product","2":"type-product","3":"status-publish","4":"has-post-thumbnail","6":"product_cat-kollektion-mtv-wolfenbuettel","7":"product_cat-mtv-wolfenbuettel","8":"description-off","10":"first","11":"instock","12":"sale","13":"taxable","14":"shipping-taxable","15":"purchasable","16":"product-type-variable"},"_links":{"self":[{"href":"https:\/\/sport-goslar.de\/verein-shop\/wp-json\/wp\/v2\/product\/1060","targetHints":{"allow":["GET"]}}],"collection":[{"href":"https:\/\/sport-goslar.de\/verein-shop\/wp-json\/wp\/v2\/product"}],"about":[{"href":"https:\/\/sport-goslar.de\/verein-shop\/wp-json\/wp\/v2\/types\/product"}],"wp:featuredmedia":[{"embeddable":true,"href":"https:\/\/sport-goslar.de\/verein-shop\/wp-json\/wp\/v2\/media\/1058"}],"wp:attachment":[{"href":"https:\/\/sport-goslar.de\/verein-shop\/wp-json\/wp\/v2\/media?parent=1060"}],"wp:term":[{"taxonomy":"product_brand","embeddable":true,"href":"https:\/\/sport-goslar.de\/verein-shop\/wp-json\/wp\/v2\/product_brand?post=1060"},{"taxonomy":"product_cat","embeddable":true,"href":"https:\/\/sport-goslar.de\/verein-shop\/wp-json\/wp\/v2\/product_cat?post=1060"},{"taxonomy":"product_tag","embeddable":true,"href":"https:\/\/sport-goslar.de\/verein-shop\/wp-json\/wp\/v2\/product_tag?post=1060"}],"curies":[{"name":"wp","href":"https:\/\/api.w.org\/{rel}","templated":true}]}}