{"id":1047,"date":"2021-04-10T15:19:36","date_gmt":"2021-04-10T13:19:36","guid":{"rendered":"https:\/\/sport-goslar.de\/verein-shop\/?post_type=product&#038;p=1047"},"modified":"2024-03-13T12:18:40","modified_gmt":"2024-03-13T11:18:40","slug":"hml-polo-lsn-trainerteam-fuer-damen","status":"publish","type":"product","link":"https:\/\/sport-goslar.de\/verein-shop\/produkt\/hml-polo-lsn-trainerteam-fuer-damen\/","title":{"rendered":"HML Polo LSN-Trainerteam f\u00fcr Damen"},"content":{"rendered":"<p>Willkommen im <strong>Onlineshop des Landes Schwimmverband Niedersachsen<\/strong> \u2013 deinem Ziel f\u00fcr hochwertige Schwimmausr\u00fcstung und mehr! Tauche ein in unser breites Sortiment, das speziell f\u00fcr Schwimmvereine, Wasserballer, Turmspringer, Synchronschwimmer und viele weitere Wassersportler zusammengestellt wurde.<\/p>\n<p>&nbsp;<\/p>\n<p>Bei uns findest du eine Vielzahl von erstklassigen Artikeln, die deine Leidenschaft f\u00fcr den Wassersport unterst\u00fctzen und deine Performance im Becken auf ein neues Level heben. Und das Beste daran? Wir f\u00fchren auch eine umfangreiche Auswahl an Artikeln die speziell f\u00fcr den <strong>Landeskader des Landesschwimmverband Niedersachsen<\/strong> zusammengestellt wurden.<\/p>\n<p>&nbsp;<\/p>\n<p>Aber das ist noch nicht alles! Wir bieten nicht nur hochwertige Produkte an, sondern k\u00f6nnen auch spezielle Onlineshops f\u00fcr jeden Verein individuell programmieren. Hier kannst du deine eigene Vereinskollektion erwerben und anbieten \u2013 perfekt, um den Teamgeist zu st\u00e4rken und ein einheitliches Auftreten zu gew\u00e4hrleisten.<\/p>\n<p>&nbsp;<\/p>\n<p>Also lasst uns gemeinsam euren Teamgeist st\u00e4rken und eure Vereinskollektion auf ein neues Level heben. Kontaktiert uns noch heute und erfahrt, wie wir euch helfen k\u00f6nnen, euren eigenen Onlineshop zu erstellen und euer Team professionell auszustatten. Wir freuen uns darauf, von euch zu h\u00f6ren und gemeinsam mit euch durchzustarten!<\/p>\n<p>&nbsp;<\/p>\n<p>Jetzt Shop einrichten:<\/p>\n<p>Zusammen besprechen wir mit euch die individuelle Kollektion f\u00fcr euer Team. In einem pers\u00f6nlichen Gespr\u00e4ch beraten wir euch, welcher deutsche oder europ\u00e4ische Hersteller am besten zu eurem Verein, der Firma oder auch zum Verband passt.<\/p>\n<p>&nbsp;<\/p>\n<p>Bestkonditionen und Gratisware sichern:<\/p>\n<p>Wir m\u00f6chten auch dein Team professionell ausstatten und gro\u00dfz\u00fcgig unterst\u00fctzen. Als Ausr\u00fcster von verschiedenen Landesverb\u00e4nden mit insgesamt 283.920 Mitgliedern aus 2.971 angeschlossenen Vereinen haben wir au\u00dferordentlich gute Beziehungen zu sehr interessanten Partnern in der Sportartikelindustrie. Sichert euch jetzt TOP-Konditionen und attraktive Sponsoring-Vereinbarungen.<\/p>\n<p>&nbsp;<\/p>\n<p>Eure Kollektion Online ohne zus\u00e4tzliche Kosten!<\/p>\n<p>Es entstehen keine Kosten f\u00fcr euren Vereinsshop. Wir programmieren den Onlineshop und bef\u00fcllen ihn mit den von euch ausgesuchten Artikeln, hinterlegen die Sonderpreise und \u00fcbernehmen die Pflege.<\/p>\n<p>&nbsp;<\/p>\n<p>Das \u201eMIA SAN MIA\u201c \u2013 Gef\u00fchl f\u00fcr dein Team!<\/p>\n<p>Durch einen einheitlichen, professionellen Auftritt st\u00e4rken wir das WIR-Gef\u00fchl in eurem Team. Ob als Sportverein, Fan, Firma oder Landesverband \u2013 DEIN TEAM, EURE FARBEN!<\/p>\n<p>&nbsp;<\/p>\n<p>Entlastung von Ehrenamtlichen!<\/p>\n<p>Jedes Teammitglied kann sich die Artikel einfach und bequem \u00fcber den individuellen Onlineshop bestellen. Die Verantwortlichen in einem Verein oder Team k\u00f6nnen sich ab sofort auf das Wesentliche konzentrieren.<\/p>\n<p>&nbsp;<\/p>\n<p>Pers\u00f6nliche Betreuung!<\/p>\n<p>Egal wo der Schuh dr\u00fcckt, dein pers\u00f6nlicher Ansprechpartner ber\u00e4t euch individuell zu allen Fragen von der richtigen Beflockung \u00fcber die Artikelauswahl bis hin zu Lieferterminen oder Sonderanfertigungen.<\/p>\n<p>&nbsp;<\/p>\n","protected":false},"excerpt":{"rendered":"<p><strong>Damen Polo inklusive LSN Logo<br \/>\n<\/strong><\/p>\n<p>Das klassische hummel\u00ae HMLGO COTTON POLO mit Knopfleiste ist perfekt f\u00fcr Pr\u00e4sentationzwecke und als Alltagsbekleidung. \u00c4rmel-Chevrons und ein bedrucktes Brustlogo sorgen f\u00fcr ein sportliches Flair. Button-Up-Kragen, Polo im klassischen Stil, sportliche \u00c4rmelchevrons, gedrucktes Brustlogo, Qualit\u00e4t: 100 % Baumwolle. Auf der Brust und R\u00fccken ist das LSN Logo mit dem Zusatz Trainerteam geflockt. Auf dem rechten Brustseite und auf dem R\u00fccken zus\u00e4tzlich das Sport Goslar Logo. Taillierter Damanschnitt Art.203522. Ware die invividuell f\u00fcr euch veredelt wird (also z.B. mit Spielernamen, Nummern, Sponsorenlogos, Vereinswappen, Initalien, etc bedruckt\/beflockt wird) gilt als Sonderanfertigung und ist von einem Umtausch leider ausgeschlossen.<\/p>\n<p><strong>WICHTIG; diesen Artikel erhalten nur vom LSN autorisierte Trainer f\u00fcr die Kaderathleten. <\/strong>Bitte lassen sie sich vom LSN eine Bescheinigung ausstellen die sie uns dann bitte <strong>parallel<\/strong> zu der Bestellung zumailen!<\/p>\n<p>FB 7045=royalblau\/wei\u00df<\/p>\n<p>Gr\u00f6\u00dfe\u00a0 XS &#8211; 2XL<\/p>\n<p>Lieferzeit: ca 10 &#8211; 20 Tage<\/p>\n<table>\n<tbody>\n<tr>\n<td><strong>Menge<\/strong><\/td>\n<td><strong>Preis<\/strong><\/td>\n<\/tr>\n<tr>\n<td>1 &#8211; 2<\/td>\n<td>35,99 \u20ac<\/td>\n<\/tr>\n<tr>\n<td>3 &#8211; 9<\/td>\n<td>32,99 \u20ac<\/td>\n<\/tr>\n<tr>\n<td>10 &#8211; 199<\/td>\n<td>31,99 \u20ac<\/td>\n<\/tr>\n<tr>\n<td>200-300<\/td>\n<td>29,99 \u20ac<\/td>\n<\/tr>\n<\/tbody>\n<\/table>\n","protected":false},"featured_media":1691,"template":"","meta":[],"product_brand":[],"product_cat":[253,219],"product_tag":[],"class_list":{"0":"post-1047","1":"product","2":"type-product","3":"status-publish","4":"has-post-thumbnail","6":"product_cat-landeskader-unt-trainerausstattung-lsn","7":"product_cat-lsn-shop","8":"description-off","10":"first","11":"instock","12":"sale","13":"taxable","14":"shipping-taxable","15":"purchasable","16":"product-type-variable"},"_links":{"self":[{"href":"https:\/\/sport-goslar.de\/verein-shop\/wp-json\/wp\/v2\/product\/1047","targetHints":{"allow":["GET"]}}],"collection":[{"href":"https:\/\/sport-goslar.de\/verein-shop\/wp-json\/wp\/v2\/product"}],"about":[{"href":"https:\/\/sport-goslar.de\/verein-shop\/wp-json\/wp\/v2\/types\/product"}],"wp:featuredmedia":[{"embeddable":true,"href":"https:\/\/sport-goslar.de\/verein-shop\/wp-json\/wp\/v2\/media\/1691"}],"wp:attachment":[{"href":"https:\/\/sport-goslar.de\/verein-shop\/wp-json\/wp\/v2\/media?parent=1047"}],"wp:term":[{"taxonomy":"product_brand","embeddable":true,"href":"https:\/\/sport-goslar.de\/verein-shop\/wp-json\/wp\/v2\/product_brand?post=1047"},{"taxonomy":"product_cat","embeddable":true,"href":"https:\/\/sport-goslar.de\/verein-shop\/wp-json\/wp\/v2\/product_cat?post=1047"},{"taxonomy":"product_tag","embeddable":true,"href":"https:\/\/sport-goslar.de\/verein-shop\/wp-json\/wp\/v2\/product_tag?post=1047"}],"curies":[{"name":"wp","href":"https:\/\/api.w.org\/{rel}","templated":true}]}}