{"id":996,"date":"2021-04-09T18:46:07","date_gmt":"2021-04-09T16:46:07","guid":{"rendered":"https:\/\/sport-goslar.de\/verein-shop\/?page_id=996"},"modified":"2021-04-09T20:23:55","modified_gmt":"2021-04-09T18:23:55","slug":"erima","status":"publish","type":"page","link":"https:\/\/sport-goslar.de\/verein-shop\/erima\/","title":{"rendered":"erima"},"content":{"rendered":"<div class=\"wpb-content-wrapper\"><p>[vc_row full_width=&#8220;stretch_row_content_no_spaces&#8220; content_placement=&#8220;middle&#8220; bg_type=&#8220;bg_color&#8220; bg_override=&#8220;full&#8220; ult_hide_row=&#8220;ult_hide_row_value&#8220; ult_hide_row_mobile=&#8220;mobile&#8220; ult_hide_row_mobile_large=&#8220;xl_mobile&#8220; css=&#8220;.vc_custom_1617992633107{margin-top: 100px !important;margin-bottom: 0px !important;padding-top: 0px !important;padding-bottom: 0px !important;}&#8220;][vc_column css=&#8220;.vc_custom_1609858779699{margin-top: 0px !important;padding-top: 0px !important;}&#8220;][vc_single_image image=&#8220;1030&#8243; img_size=&#8220;full&#8220; alignment=&#8220;center&#8220;][\/vc_column][\/vc_row][vc_row full_width=&#8220;stretch_row&#8220; bg_type=&#8220;bg_color&#8220; ult_hide_row=&#8220;ult_hide_row_value&#8220; ult_hide_row_large_screen=&#8220;large_screen&#8220; ult_hide_row_desktop=&#8220;desktop&#8220; ult_hide_row_tablet=&#8220;tablet&#8220; bg_color_value=&#8220;#ffffff&#8220;][vc_column][vc_single_image image=&#8220;917&#8243; img_size=&#8220;full&#8220; alignment=&#8220;center&#8220; image_hovers=&#8220;false&#8220;][\/vc_column][\/vc_row][vc_row][vc_column]<div class=\"ult-spacer spacer-69fec446354df\" data-id=\"69fec446354df\" data-height=\"50\" data-height-mobile=\"50\" data-height-tab=\"50\" data-height-tab-portrait=\"50\" data-height-mobile-landscape=\"50\" style=\"clear:both;display:block;\"><\/div><div class=\"woocommerce columns-4\"><div class=\"wf-container dt-products  woo-hover products loading-effect-fade-in description-on-hover cart-btn-on-img wc-img-hover hide-description\" data-padding=\"0px\" data-cur-page=\"1\" data-desktop-columns-num=\"4\" data-v-tablet-columns-num=\"2\" data-h-tablet-columns-num=\"3\" data-phone-columns-num=\"1\">\n\n<article class=\"post product-category product first\">\n\n\t<figure class=\"woocom-project\">\n\t<div class=\"woo-buttons-on-img\">\n\n\t\t<a href=\"https:\/\/sport-goslar.de\/verein-shop\/product-category\/marken\/erima\/fussbaelle-und-zubehoer-erima\/\" class=\"alignnone\"><img loading=\"lazy\" decoding=\"async\" class=\"preload-me\" src=\"https:\/\/sport-goslar.de\/verein-shop\/wp-content\/uploads\/2021\/04\/Fussbaelle-Erima-500x500-1-300x300.png\" alt=\"Fu\u00dfb\u00e4lle &amp; Zubeh\u00f6r Erima\" width=\"300\" height=\"300\" srcset=\"https:\/\/sport-goslar.de\/verein-shop\/wp-content\/uploads\/2021\/04\/Fussbaelle-Erima-500x500-1-300x300.png 300w, https:\/\/sport-goslar.de\/verein-shop\/wp-content\/uploads\/2021\/04\/Fussbaelle-Erima-500x500-1-150x150.png 150w, https:\/\/sport-goslar.de\/verein-shop\/wp-content\/uploads\/2021\/04\/Fussbaelle-Erima-500x500-1-200x200.png 200w, https:\/\/sport-goslar.de\/verein-shop\/wp-content\/uploads\/2021\/04\/Fussbaelle-Erima-500x500-1.png 500w\" sizes=\"auto, (max-width: 300px) 100vw, 300px\" \/><\/a>\n\t<\/div>\n\t<figcaption class=\"woocom-list-content\">\n\n\t\t\n\t<\/figcaption>\n<\/figure>\n<\/article>\n\n\n\n<article class=\"post product-category product\">\n\n\t<figure class=\"woocom-project\">\n\t<div class=\"woo-buttons-on-img\">\n\n\t\t<a href=\"https:\/\/sport-goslar.de\/verein-shop\/product-category\/marken\/erima\/handbaelle-zubehoer-erima\/\" class=\"alignnone\"><img loading=\"lazy\" decoding=\"async\" class=\"preload-me\" src=\"https:\/\/sport-goslar.de\/verein-shop\/wp-content\/uploads\/2021\/04\/Handbaelle-500x500-1-300x300.jpg\" alt=\"Handb\u00e4lle &amp; Zubeh\u00f6r Erima\" width=\"300\" height=\"300\" srcset=\"https:\/\/sport-goslar.de\/verein-shop\/wp-content\/uploads\/2021\/04\/Handbaelle-500x500-1-300x300.jpg 300w, https:\/\/sport-goslar.de\/verein-shop\/wp-content\/uploads\/2021\/04\/Handbaelle-500x500-1-150x150.jpg 150w, https:\/\/sport-goslar.de\/verein-shop\/wp-content\/uploads\/2021\/04\/Handbaelle-500x500-1-200x200.jpg 200w, https:\/\/sport-goslar.de\/verein-shop\/wp-content\/uploads\/2021\/04\/Handbaelle-500x500-1.jpg 500w\" sizes=\"auto, (max-width: 300px) 100vw, 300px\" \/><\/a>\n\t<\/div>\n\t<figcaption class=\"woocom-list-content\">\n\n\t\t\n\t<\/figcaption>\n<\/figure>\n<\/article>\n\n\n\n<article class=\"post product-category product\">\n\n\t<figure class=\"woocom-project\">\n\t<div class=\"woo-buttons-on-img\">\n\n\t\t<a href=\"https:\/\/sport-goslar.de\/verein-shop\/product-category\/marken\/erima\/handtuecher-badepantoletten-erima\/\" class=\"alignnone\"><img loading=\"lazy\" decoding=\"async\" class=\"preload-me\" src=\"https:\/\/sport-goslar.de\/verein-shop\/wp-content\/uploads\/2021\/04\/Handtuecher-Badepantoletten-500x500-1-300x300.jpg\" alt=\"Handt\u00fccher &amp; Badepantoletten Erima\" width=\"300\" height=\"300\" srcset=\"https:\/\/sport-goslar.de\/verein-shop\/wp-content\/uploads\/2021\/04\/Handtuecher-Badepantoletten-500x500-1-300x300.jpg 300w, https:\/\/sport-goslar.de\/verein-shop\/wp-content\/uploads\/2021\/04\/Handtuecher-Badepantoletten-500x500-1-150x150.jpg 150w, https:\/\/sport-goslar.de\/verein-shop\/wp-content\/uploads\/2021\/04\/Handtuecher-Badepantoletten-500x500-1-200x200.jpg 200w, https:\/\/sport-goslar.de\/verein-shop\/wp-content\/uploads\/2021\/04\/Handtuecher-Badepantoletten-500x500-1.jpg 500w\" sizes=\"auto, (max-width: 300px) 100vw, 300px\" \/><\/a>\n\t<\/div>\n\t<figcaption class=\"woocom-list-content\">\n\n\t\t\n\t<\/figcaption>\n<\/figure>\n<\/article>\n\n\n\n<article class=\"post product-category product last\">\n\n\t<figure class=\"woocom-project\">\n\t<div class=\"woo-buttons-on-img\">\n\n\t\t<a href=\"https:\/\/sport-goslar.de\/verein-shop\/product-category\/marken\/erima\/jacken-oberteile-lg-erima\/\" class=\"alignnone\"><img loading=\"lazy\" decoding=\"async\" class=\"preload-me\" src=\"https:\/\/sport-goslar.de\/verein-shop\/wp-content\/uploads\/2021\/04\/Jacken-Oberteile-500x500-1-300x300.jpg\" alt=\"Jacken &amp; Oberteile lg. Erima\" width=\"300\" height=\"300\" srcset=\"https:\/\/sport-goslar.de\/verein-shop\/wp-content\/uploads\/2021\/04\/Jacken-Oberteile-500x500-1-300x300.jpg 300w, https:\/\/sport-goslar.de\/verein-shop\/wp-content\/uploads\/2021\/04\/Jacken-Oberteile-500x500-1-150x150.jpg 150w, https:\/\/sport-goslar.de\/verein-shop\/wp-content\/uploads\/2021\/04\/Jacken-Oberteile-500x500-1-200x200.jpg 200w, https:\/\/sport-goslar.de\/verein-shop\/wp-content\/uploads\/2021\/04\/Jacken-Oberteile-500x500-1.jpg 500w\" sizes=\"auto, (max-width: 300px) 100vw, 300px\" \/><\/a>\n\t<\/div>\n\t<figcaption class=\"woocom-list-content\">\n\n\t\t\n\t<\/figcaption>\n<\/figure>\n<\/article>\n\n\n\n<article class=\"post product-category product first\">\n\n\t<figure class=\"woocom-project\">\n\t<div class=\"woo-buttons-on-img\">\n\n\t\t<a href=\"https:\/\/sport-goslar.de\/verein-shop\/product-category\/marken\/erima\/la-wettkampfbekleidung-erima\/\" class=\"alignnone\"><img loading=\"lazy\" decoding=\"async\" class=\"preload-me\" src=\"https:\/\/sport-goslar.de\/verein-shop\/wp-content\/uploads\/2021\/04\/Leichtathletik-500x500-1-300x300.png\" alt=\"LA Wettkampfbekleidung Erima\" width=\"300\" height=\"300\" srcset=\"https:\/\/sport-goslar.de\/verein-shop\/wp-content\/uploads\/2021\/04\/Leichtathletik-500x500-1-300x300.png 300w, https:\/\/sport-goslar.de\/verein-shop\/wp-content\/uploads\/2021\/04\/Leichtathletik-500x500-1-150x150.png 150w, https:\/\/sport-goslar.de\/verein-shop\/wp-content\/uploads\/2021\/04\/Leichtathletik-500x500-1-200x200.png 200w, https:\/\/sport-goslar.de\/verein-shop\/wp-content\/uploads\/2021\/04\/Leichtathletik-500x500-1.png 500w\" sizes=\"auto, (max-width: 300px) 100vw, 300px\" \/><\/a>\n\t<\/div>\n\t<figcaption class=\"woocom-list-content\">\n\n\t\t\n\t<\/figcaption>\n<\/figure>\n<\/article>\n\n\n\n<article class=\"post product-category product\">\n\n\t<figure class=\"woocom-project\">\n\t<div class=\"woo-buttons-on-img\">\n\n\t\t<a href=\"https:\/\/sport-goslar.de\/verein-shop\/product-category\/marken\/erima\/schuetzer-bandagen-erima\/\" class=\"alignnone\"><img loading=\"lazy\" decoding=\"async\" class=\"preload-me\" src=\"https:\/\/sport-goslar.de\/verein-shop\/wp-content\/uploads\/2021\/04\/Schuetzer-Bandagen-500x500-1-300x300.jpg\" alt=\"Sch\u00fctzer &amp; Bandagen Erima\" width=\"300\" height=\"300\" srcset=\"https:\/\/sport-goslar.de\/verein-shop\/wp-content\/uploads\/2021\/04\/Schuetzer-Bandagen-500x500-1-300x300.jpg 300w, https:\/\/sport-goslar.de\/verein-shop\/wp-content\/uploads\/2021\/04\/Schuetzer-Bandagen-500x500-1-150x150.jpg 150w, https:\/\/sport-goslar.de\/verein-shop\/wp-content\/uploads\/2021\/04\/Schuetzer-Bandagen-500x500-1-200x200.jpg 200w, https:\/\/sport-goslar.de\/verein-shop\/wp-content\/uploads\/2021\/04\/Schuetzer-Bandagen-500x500-1.jpg 500w\" sizes=\"auto, (max-width: 300px) 100vw, 300px\" \/><\/a>\n\t<\/div>\n\t<figcaption class=\"woocom-list-content\">\n\n\t\t\n\t<\/figcaption>\n<\/figure>\n<\/article>\n\n\n\n<article class=\"post product-category product\">\n\n\t<figure class=\"woocom-project\">\n\t<div class=\"woo-buttons-on-img\">\n\n\t\t<a href=\"https:\/\/sport-goslar.de\/verein-shop\/product-category\/marken\/erima\/short-und-hosen-erima\/\" class=\"alignnone\"><img loading=\"lazy\" decoding=\"async\" class=\"preload-me\" src=\"https:\/\/sport-goslar.de\/verein-shop\/wp-content\/uploads\/2021\/04\/Short-Hosen-500x500-1-300x300.jpg\" alt=\"Short &amp; Hosen Erima\" width=\"300\" height=\"300\" srcset=\"https:\/\/sport-goslar.de\/verein-shop\/wp-content\/uploads\/2021\/04\/Short-Hosen-500x500-1-300x300.jpg 300w, https:\/\/sport-goslar.de\/verein-shop\/wp-content\/uploads\/2021\/04\/Short-Hosen-500x500-1-150x150.jpg 150w, https:\/\/sport-goslar.de\/verein-shop\/wp-content\/uploads\/2021\/04\/Short-Hosen-500x500-1-200x200.jpg 200w, https:\/\/sport-goslar.de\/verein-shop\/wp-content\/uploads\/2021\/04\/Short-Hosen-500x500-1.jpg 500w\" sizes=\"auto, (max-width: 300px) 100vw, 300px\" \/><\/a>\n\t<\/div>\n\t<figcaption class=\"woocom-list-content\">\n\n\t\t\n\t<\/figcaption>\n<\/figure>\n<\/article>\n\n\n\n<article class=\"post product-category product last\">\n\n\t<figure class=\"woocom-project\">\n\t<div class=\"woo-buttons-on-img\">\n\n\t\t<a href=\"https:\/\/sport-goslar.de\/verein-shop\/product-category\/marken\/erima\/taschen-rucksaecke-erima\/\" class=\"alignnone\"><img loading=\"lazy\" decoding=\"async\" class=\"preload-me\" src=\"https:\/\/sport-goslar.de\/verein-shop\/wp-content\/uploads\/2021\/04\/Taschen-und-Rucksaecke-500x500-1-300x300.jpg\" alt=\"Taschen &amp; Rucks\u00e4cke Erima\" width=\"300\" height=\"300\" srcset=\"https:\/\/sport-goslar.de\/verein-shop\/wp-content\/uploads\/2021\/04\/Taschen-und-Rucksaecke-500x500-1-300x300.jpg 300w, https:\/\/sport-goslar.de\/verein-shop\/wp-content\/uploads\/2021\/04\/Taschen-und-Rucksaecke-500x500-1-150x150.jpg 150w, https:\/\/sport-goslar.de\/verein-shop\/wp-content\/uploads\/2021\/04\/Taschen-und-Rucksaecke-500x500-1-200x200.jpg 200w, https:\/\/sport-goslar.de\/verein-shop\/wp-content\/uploads\/2021\/04\/Taschen-und-Rucksaecke-500x500-1.jpg 500w\" sizes=\"auto, (max-width: 300px) 100vw, 300px\" \/><\/a>\n\t<\/div>\n\t<figcaption class=\"woocom-list-content\">\n\n\t\t\n\t<\/figcaption>\n<\/figure>\n<\/article>\n\n\n\n<article class=\"post product-category product first\">\n\n\t<figure class=\"woocom-project\">\n\t<div class=\"woo-buttons-on-img\">\n\n\t\t<a href=\"https:\/\/sport-goslar.de\/verein-shop\/product-category\/marken\/erima\/tennisbekleidung-erima\/\" class=\"alignnone\"><img loading=\"lazy\" decoding=\"async\" class=\"preload-me\" src=\"https:\/\/sport-goslar.de\/verein-shop\/wp-content\/uploads\/2021\/04\/Tennisbekleidung-500x500-1-300x300.jpg\" alt=\"Tennisbekleidung Erima\" width=\"300\" height=\"300\" srcset=\"https:\/\/sport-goslar.de\/verein-shop\/wp-content\/uploads\/2021\/04\/Tennisbekleidung-500x500-1-300x300.jpg 300w, https:\/\/sport-goslar.de\/verein-shop\/wp-content\/uploads\/2021\/04\/Tennisbekleidung-500x500-1-150x150.jpg 150w, https:\/\/sport-goslar.de\/verein-shop\/wp-content\/uploads\/2021\/04\/Tennisbekleidung-500x500-1-200x200.jpg 200w, https:\/\/sport-goslar.de\/verein-shop\/wp-content\/uploads\/2021\/04\/Tennisbekleidung-500x500-1.jpg 500w\" sizes=\"auto, (max-width: 300px) 100vw, 300px\" \/><\/a>\n\t<\/div>\n\t<figcaption class=\"woocom-list-content\">\n\n\t\t\n\t<\/figcaption>\n<\/figure>\n<\/article>\n\n\n\n<article class=\"post product-category product\">\n\n\t<figure class=\"woocom-project\">\n\t<div class=\"woo-buttons-on-img\">\n\n\t\t<a href=\"https:\/\/sport-goslar.de\/verein-shop\/product-category\/marken\/erima\/trainingsbedarf-erima\/\" class=\"alignnone\"><img loading=\"lazy\" decoding=\"async\" class=\"preload-me\" src=\"https:\/\/sport-goslar.de\/verein-shop\/wp-content\/uploads\/2021\/04\/Trainingsbedarf-500x500-1-300x300.jpg\" alt=\"Trainingsbedarf Erima\" width=\"300\" height=\"300\" srcset=\"https:\/\/sport-goslar.de\/verein-shop\/wp-content\/uploads\/2021\/04\/Trainingsbedarf-500x500-1-300x300.jpg 300w, https:\/\/sport-goslar.de\/verein-shop\/wp-content\/uploads\/2021\/04\/Trainingsbedarf-500x500-1-150x150.jpg 150w, https:\/\/sport-goslar.de\/verein-shop\/wp-content\/uploads\/2021\/04\/Trainingsbedarf-500x500-1-200x200.jpg 200w, https:\/\/sport-goslar.de\/verein-shop\/wp-content\/uploads\/2021\/04\/Trainingsbedarf-500x500-1.jpg 500w\" sizes=\"auto, (max-width: 300px) 100vw, 300px\" \/><\/a>\n\t<\/div>\n\t<figcaption class=\"woocom-list-content\">\n\n\t\t\n\t<\/figcaption>\n<\/figure>\n<\/article>\n\n\n\n<article class=\"post product-category product\">\n\n\t<figure class=\"woocom-project\">\n\t<div class=\"woo-buttons-on-img\">\n\n\t\t<a href=\"https:\/\/sport-goslar.de\/verein-shop\/product-category\/marken\/erima\/trikots-erima\/\" class=\"alignnone\"><img loading=\"lazy\" decoding=\"async\" class=\"preload-me\" src=\"https:\/\/sport-goslar.de\/verein-shop\/wp-content\/uploads\/2021\/04\/Trikots-500x500-1-300x300.jpg\" alt=\"Trikots Erima\" width=\"300\" height=\"300\" srcset=\"https:\/\/sport-goslar.de\/verein-shop\/wp-content\/uploads\/2021\/04\/Trikots-500x500-1-300x300.jpg 300w, https:\/\/sport-goslar.de\/verein-shop\/wp-content\/uploads\/2021\/04\/Trikots-500x500-1-1024x1024.jpg 1024w, https:\/\/sport-goslar.de\/verein-shop\/wp-content\/uploads\/2021\/04\/Trikots-500x500-1-150x150.jpg 150w, https:\/\/sport-goslar.de\/verein-shop\/wp-content\/uploads\/2021\/04\/Trikots-500x500-1-768x768.jpg 768w, https:\/\/sport-goslar.de\/verein-shop\/wp-content\/uploads\/2021\/04\/Trikots-500x500-1-1536x1536.jpg 1536w, https:\/\/sport-goslar.de\/verein-shop\/wp-content\/uploads\/2021\/04\/Trikots-500x500-1-2048x2048.jpg 2048w, https:\/\/sport-goslar.de\/verein-shop\/wp-content\/uploads\/2021\/04\/Trikots-500x500-1-600x600.jpg 600w, https:\/\/sport-goslar.de\/verein-shop\/wp-content\/uploads\/2021\/04\/Trikots-500x500-1-200x200.jpg 200w\" sizes=\"auto, (max-width: 300px) 100vw, 300px\" \/><\/a>\n\t<\/div>\n\t<figcaption class=\"woocom-list-content\">\n\n\t\t\n\t<\/figcaption>\n<\/figure>\n<\/article>\n\n\n\n<article class=\"post product-category product last\">\n\n\t<figure class=\"woocom-project\">\n\t<div class=\"woo-buttons-on-img\">\n\n\t\t<a href=\"https:\/\/sport-goslar.de\/verein-shop\/product-category\/marken\/erima\/unterwaesche-socken-erima\/\" class=\"alignnone\"><img loading=\"lazy\" decoding=\"async\" class=\"preload-me\" src=\"https:\/\/sport-goslar.de\/verein-shop\/wp-content\/uploads\/2021\/04\/Unterwaesche-Socken-500x500-1-300x300.jpg\" alt=\"Unterw\u00e4sche &amp; Socken Erima\" width=\"300\" height=\"300\" srcset=\"https:\/\/sport-goslar.de\/verein-shop\/wp-content\/uploads\/2021\/04\/Unterwaesche-Socken-500x500-1-300x300.jpg 300w, https:\/\/sport-goslar.de\/verein-shop\/wp-content\/uploads\/2021\/04\/Unterwaesche-Socken-500x500-1-150x150.jpg 150w, https:\/\/sport-goslar.de\/verein-shop\/wp-content\/uploads\/2021\/04\/Unterwaesche-Socken-500x500-1-200x200.jpg 200w, https:\/\/sport-goslar.de\/verein-shop\/wp-content\/uploads\/2021\/04\/Unterwaesche-Socken-500x500-1.jpg 500w\" sizes=\"auto, (max-width: 300px) 100vw, 300px\" \/><\/a>\n\t<\/div>\n\t<figcaption class=\"woocom-list-content\">\n\n\t\t\n\t<\/figcaption>\n<\/figure>\n<\/article>\n\n<\/div><\/div>[\/vc_column][\/vc_row]<\/p>\n<\/div>","protected":false},"excerpt":{"rendered":"<p>[vc_row full_width=&#8220;stretch_row_content_no_spaces&#8220; content_placement=&#8220;middle&#8220; bg_type=&#8220;bg_color&#8220; bg_override=&#8220;full&#8220; ult_hide_row=&#8220;ult_hide_row_value&#8220; ult_hide_row_mobile=&#8220;mobile&#8220; ult_hide_row_mobile_large=&#8220;xl_mobile&#8220; css=&#8220;.vc_custom_1617992633107{margin-top: 100px !important;margin-bottom: 0px !important;padding-top: 0px !important;padding-bottom: 0px !important;}&#8220;][vc_column css=&#8220;.vc_custom_1609858779699{margin-top: 0px !important;padding-top: 0px !important;}&#8220;][vc_single_image image=&#8220;1030&#8243; img_size=&#8220;full&#8220; alignment=&#8220;center&#8220;][\/vc_column][\/vc_row][vc_row full_width=&#8220;stretch_row&#8220; bg_type=&#8220;bg_color&#8220; ult_hide_row=&#8220;ult_hide_row_value&#8220; ult_hide_row_large_screen=&#8220;large_screen&#8220; ult_hide_row_desktop=&#8220;desktop&#8220; ult_hide_row_tablet=&#8220;tablet&#8220; bg_color_value=&#8220;#ffffff&#8220;][vc_column][vc_single_image image=&#8220;917&#8243; img_size=&#8220;full&#8220; alignment=&#8220;center&#8220; image_hovers=&#8220;false&#8220;][\/vc_column][\/vc_row][vc_row][vc_column][\/vc_column][\/vc_row]<\/p>\n","protected":false},"author":1,"featured_media":0,"parent":0,"menu_order":0,"comment_status":"closed","ping_status":"open","template":"","meta":{"footnotes":""},"class_list":["post-996","page","type-page","status-publish","hentry","description-off"],"_links":{"self":[{"href":"https:\/\/sport-goslar.de\/verein-shop\/wp-json\/wp\/v2\/pages\/996","targetHints":{"allow":["GET"]}}],"collection":[{"href":"https:\/\/sport-goslar.de\/verein-shop\/wp-json\/wp\/v2\/pages"}],"about":[{"href":"https:\/\/sport-goslar.de\/verein-shop\/wp-json\/wp\/v2\/types\/page"}],"author":[{"embeddable":true,"href":"https:\/\/sport-goslar.de\/verein-shop\/wp-json\/wp\/v2\/users\/1"}],"replies":[{"embeddable":true,"href":"https:\/\/sport-goslar.de\/verein-shop\/wp-json\/wp\/v2\/comments?post=996"}],"version-history":[{"count":5,"href":"https:\/\/sport-goslar.de\/verein-shop\/wp-json\/wp\/v2\/pages\/996\/revisions"}],"predecessor-version":[{"id":1032,"href":"https:\/\/sport-goslar.de\/verein-shop\/wp-json\/wp\/v2\/pages\/996\/revisions\/1032"}],"wp:attachment":[{"href":"https:\/\/sport-goslar.de\/verein-shop\/wp-json\/wp\/v2\/media?parent=996"}],"curies":[{"name":"wp","href":"https:\/\/api.w.org\/{rel}","templated":true}]}}