{"id":1009,"date":"2021-04-09T19:05:20","date_gmt":"2021-04-09T17:05:20","guid":{"rendered":"https:\/\/sport-goslar.de\/verein-shop\/?page_id=1009"},"modified":"2021-04-09T20:30:26","modified_gmt":"2021-04-09T18:30:26","slug":"jako","status":"publish","type":"page","link":"https:\/\/sport-goslar.de\/verein-shop\/jako\/","title":{"rendered":"JAKO"},"content":{"rendered":"<div class=\"wpb-content-wrapper\"><p>[vc_row full_width=&#8220;stretch_row_content_no_spaces&#8220; content_placement=&#8220;middle&#8220; bg_type=&#8220;bg_color&#8220; bg_override=&#8220;full&#8220; ult_hide_row=&#8220;ult_hide_row_value&#8220; ult_hide_row_mobile=&#8220;mobile&#8220; ult_hide_row_mobile_large=&#8220;xl_mobile&#8220; css=&#8220;.vc_custom_1617993009303{margin-top: 100px !important;margin-bottom: 0px !important;padding-top: 0px !important;padding-bottom: 0px !important;}&#8220;][vc_column css=&#8220;.vc_custom_1609858779699{margin-top: 0px !important;padding-top: 0px !important;}&#8220;][vc_single_image image=&#8220;1033&#8243; img_size=&#8220;full&#8220; alignment=&#8220;center&#8220;][\/vc_column][\/vc_row][vc_row full_width=&#8220;stretch_row&#8220; bg_type=&#8220;bg_color&#8220; ult_hide_row=&#8220;ult_hide_row_value&#8220; ult_hide_row_large_screen=&#8220;large_screen&#8220; ult_hide_row_desktop=&#8220;desktop&#8220; ult_hide_row_tablet=&#8220;tablet&#8220; bg_color_value=&#8220;#ffffff&#8220;][vc_column][vc_single_image image=&#8220;918&#8243; img_size=&#8220;full&#8220; alignment=&#8220;center&#8220; image_hovers=&#8220;false&#8220;][\/vc_column][\/vc_row][vc_row][vc_column]<div class=\"ult-spacer spacer-69fe1df7ce914\" data-id=\"69fe1df7ce914\" data-height=\"50\" data-height-mobile=\"50\" data-height-tab=\"50\" data-height-tab-portrait=\"50\" data-height-mobile-landscape=\"50\" style=\"clear:both;display:block;\"><\/div><div class=\"woocommerce columns-4\"><div class=\"wf-container dt-products  woo-hover products loading-effect-fade-in description-on-hover cart-btn-on-img wc-img-hover hide-description\" data-padding=\"0px\" data-cur-page=\"1\" data-desktop-columns-num=\"4\" data-v-tablet-columns-num=\"2\" data-h-tablet-columns-num=\"3\" data-phone-columns-num=\"1\">\n\n<article class=\"post product-category product first\">\n\n\t<figure class=\"woocom-project\">\n\t<div class=\"woo-buttons-on-img\">\n\n\t\t<a href=\"https:\/\/sport-goslar.de\/verein-shop\/product-category\/marken\/jako\/fussbaelle-zubehoer-jako\/\" class=\"alignnone\"><img loading=\"lazy\" decoding=\"async\" class=\"preload-me\" src=\"https:\/\/sport-goslar.de\/verein-shop\/wp-content\/uploads\/2021\/04\/Fussbaelle-Jako-500x500-1-300x300.jpg\" alt=\"Fu\u00dfb\u00e4lle &amp; Zubeh\u00f6r Jako\" width=\"300\" height=\"300\" srcset=\"https:\/\/sport-goslar.de\/verein-shop\/wp-content\/uploads\/2021\/04\/Fussbaelle-Jako-500x500-1-300x300.jpg 300w, https:\/\/sport-goslar.de\/verein-shop\/wp-content\/uploads\/2021\/04\/Fussbaelle-Jako-500x500-1-150x150.jpg 150w, https:\/\/sport-goslar.de\/verein-shop\/wp-content\/uploads\/2021\/04\/Fussbaelle-Jako-500x500-1-200x200.jpg 200w, https:\/\/sport-goslar.de\/verein-shop\/wp-content\/uploads\/2021\/04\/Fussbaelle-Jako-500x500-1.jpg 500w\" sizes=\"auto, (max-width: 300px) 100vw, 300px\" \/><\/a>\n\t<\/div>\n\t<figcaption class=\"woocom-list-content\">\n\n\t\t\n\t<\/figcaption>\n<\/figure>\n<\/article>\n\n\n\n<article class=\"post product-category product\">\n\n\t<figure class=\"woocom-project\">\n\t<div class=\"woo-buttons-on-img\">\n\n\t\t<a href=\"https:\/\/sport-goslar.de\/verein-shop\/product-category\/marken\/jako\/jacken-oberteile-lg-jako\/\" class=\"alignnone\"><img loading=\"lazy\" decoding=\"async\" class=\"preload-me\" src=\"https:\/\/sport-goslar.de\/verein-shop\/wp-content\/uploads\/2021\/04\/Jacken-Oberteile-Jako-500x500-1-300x300.jpg\" alt=\"Jacken &amp; Oberteile lg. Jako\" width=\"300\" height=\"300\" srcset=\"https:\/\/sport-goslar.de\/verein-shop\/wp-content\/uploads\/2021\/04\/Jacken-Oberteile-Jako-500x500-1-300x300.jpg 300w, https:\/\/sport-goslar.de\/verein-shop\/wp-content\/uploads\/2021\/04\/Jacken-Oberteile-Jako-500x500-1-150x150.jpg 150w, https:\/\/sport-goslar.de\/verein-shop\/wp-content\/uploads\/2021\/04\/Jacken-Oberteile-Jako-500x500-1-200x200.jpg 200w, https:\/\/sport-goslar.de\/verein-shop\/wp-content\/uploads\/2021\/04\/Jacken-Oberteile-Jako-500x500-1.jpg 500w\" sizes=\"auto, (max-width: 300px) 100vw, 300px\" \/><\/a>\n\t<\/div>\n\t<figcaption class=\"woocom-list-content\">\n\n\t\t\n\t<\/figcaption>\n<\/figure>\n<\/article>\n\n\n\n<article class=\"post product-category product\">\n\n\t<figure class=\"woocom-project\">\n\t<div class=\"woo-buttons-on-img\">\n\n\t\t<a href=\"https:\/\/sport-goslar.de\/verein-shop\/product-category\/marken\/jako\/schienbeinschuetzer-jako\/\" class=\"alignnone\"><img loading=\"lazy\" decoding=\"async\" class=\"preload-me\" src=\"https:\/\/sport-goslar.de\/verein-shop\/wp-content\/uploads\/2021\/04\/Schienbeinschuetzer-Jako-500x500-1-300x300.png\" alt=\"Schienbeinsch\u00fctzer Jako\" width=\"300\" height=\"300\" srcset=\"https:\/\/sport-goslar.de\/verein-shop\/wp-content\/uploads\/2021\/04\/Schienbeinschuetzer-Jako-500x500-1-300x300.png 300w, https:\/\/sport-goslar.de\/verein-shop\/wp-content\/uploads\/2021\/04\/Schienbeinschuetzer-Jako-500x500-1-150x150.png 150w, https:\/\/sport-goslar.de\/verein-shop\/wp-content\/uploads\/2021\/04\/Schienbeinschuetzer-Jako-500x500-1-200x200.png 200w, https:\/\/sport-goslar.de\/verein-shop\/wp-content\/uploads\/2021\/04\/Schienbeinschuetzer-Jako-500x500-1.png 500w\" sizes=\"auto, (max-width: 300px) 100vw, 300px\" \/><\/a>\n\t<\/div>\n\t<figcaption class=\"woocom-list-content\">\n\n\t\t\n\t<\/figcaption>\n<\/figure>\n<\/article>\n\n\n\n<article class=\"post product-category product last\">\n\n\t<figure class=\"woocom-project\">\n\t<div class=\"woo-buttons-on-img\">\n\n\t\t<a href=\"https:\/\/sport-goslar.de\/verein-shop\/product-category\/marken\/jako\/short-und-hosen-jako\/\" class=\"alignnone\"><img loading=\"lazy\" decoding=\"async\" class=\"preload-me\" src=\"https:\/\/sport-goslar.de\/verein-shop\/wp-content\/uploads\/2021\/04\/Short-Hosen-Jako-500x500-1-300x300.jpg\" alt=\"Short &amp; Hosen Jako\" width=\"300\" height=\"300\" srcset=\"https:\/\/sport-goslar.de\/verein-shop\/wp-content\/uploads\/2021\/04\/Short-Hosen-Jako-500x500-1-300x300.jpg 300w, https:\/\/sport-goslar.de\/verein-shop\/wp-content\/uploads\/2021\/04\/Short-Hosen-Jako-500x500-1-150x150.jpg 150w, https:\/\/sport-goslar.de\/verein-shop\/wp-content\/uploads\/2021\/04\/Short-Hosen-Jako-500x500-1-200x200.jpg 200w, https:\/\/sport-goslar.de\/verein-shop\/wp-content\/uploads\/2021\/04\/Short-Hosen-Jako-500x500-1.jpg 500w\" sizes=\"auto, (max-width: 300px) 100vw, 300px\" \/><\/a>\n\t<\/div>\n\t<figcaption class=\"woocom-list-content\">\n\n\t\t\n\t<\/figcaption>\n<\/figure>\n<\/article>\n\n\n\n<article class=\"post product-category product first\">\n\n\t<figure class=\"woocom-project\">\n\t<div class=\"woo-buttons-on-img\">\n\n\t\t<a href=\"https:\/\/sport-goslar.de\/verein-shop\/product-category\/marken\/jako\/stutzen-jako\/\" class=\"alignnone\"><img loading=\"lazy\" decoding=\"async\" class=\"preload-me\" src=\"https:\/\/sport-goslar.de\/verein-shop\/wp-content\/uploads\/2021\/04\/Stutzen-Jako-500x500-1-300x300.jpg\" alt=\"Stutzen Jako\" width=\"300\" height=\"300\" srcset=\"https:\/\/sport-goslar.de\/verein-shop\/wp-content\/uploads\/2021\/04\/Stutzen-Jako-500x500-1-300x300.jpg 300w, https:\/\/sport-goslar.de\/verein-shop\/wp-content\/uploads\/2021\/04\/Stutzen-Jako-500x500-1-150x150.jpg 150w, https:\/\/sport-goslar.de\/verein-shop\/wp-content\/uploads\/2021\/04\/Stutzen-Jako-500x500-1-200x200.jpg 200w, https:\/\/sport-goslar.de\/verein-shop\/wp-content\/uploads\/2021\/04\/Stutzen-Jako-500x500-1.jpg 500w\" sizes=\"auto, (max-width: 300px) 100vw, 300px\" \/><\/a>\n\t<\/div>\n\t<figcaption class=\"woocom-list-content\">\n\n\t\t\n\t<\/figcaption>\n<\/figure>\n<\/article>\n\n\n\n<article class=\"post product-category product\">\n\n\t<figure class=\"woocom-project\">\n\t<div class=\"woo-buttons-on-img\">\n\n\t\t<a href=\"https:\/\/sport-goslar.de\/verein-shop\/product-category\/marken\/jako\/taschen-rucksaecke-jako\/\" class=\"alignnone\"><img loading=\"lazy\" decoding=\"async\" class=\"preload-me\" src=\"https:\/\/sport-goslar.de\/verein-shop\/wp-content\/uploads\/2021\/04\/Taschen-Rucksaecke-Jako-500x500-1-300x300.jpg\" alt=\"Taschen &amp; Rucks\u00e4cke Jako\" width=\"300\" height=\"300\" srcset=\"https:\/\/sport-goslar.de\/verein-shop\/wp-content\/uploads\/2021\/04\/Taschen-Rucksaecke-Jako-500x500-1-300x300.jpg 300w, https:\/\/sport-goslar.de\/verein-shop\/wp-content\/uploads\/2021\/04\/Taschen-Rucksaecke-Jako-500x500-1-150x150.jpg 150w, https:\/\/sport-goslar.de\/verein-shop\/wp-content\/uploads\/2021\/04\/Taschen-Rucksaecke-Jako-500x500-1-200x200.jpg 200w, https:\/\/sport-goslar.de\/verein-shop\/wp-content\/uploads\/2021\/04\/Taschen-Rucksaecke-Jako-500x500-1.jpg 500w\" sizes=\"auto, (max-width: 300px) 100vw, 300px\" \/><\/a>\n\t<\/div>\n\t<figcaption class=\"woocom-list-content\">\n\n\t\t\n\t<\/figcaption>\n<\/figure>\n<\/article>\n\n\n\n<article class=\"post product-category product\">\n\n\t<figure class=\"woocom-project\">\n\t<div class=\"woo-buttons-on-img\">\n\n\t\t<a href=\"https:\/\/sport-goslar.de\/verein-shop\/product-category\/marken\/jako\/torwart-jako\/\" class=\"alignnone\"><img loading=\"lazy\" decoding=\"async\" class=\"preload-me\" src=\"https:\/\/sport-goslar.de\/verein-shop\/wp-content\/uploads\/2021\/04\/Torwart-Jako-500x500-1-300x300.jpg\" alt=\"Torwart Jako\" width=\"300\" height=\"300\" srcset=\"https:\/\/sport-goslar.de\/verein-shop\/wp-content\/uploads\/2021\/04\/Torwart-Jako-500x500-1-300x300.jpg 300w, https:\/\/sport-goslar.de\/verein-shop\/wp-content\/uploads\/2021\/04\/Torwart-Jako-500x500-1-150x150.jpg 150w, https:\/\/sport-goslar.de\/verein-shop\/wp-content\/uploads\/2021\/04\/Torwart-Jako-500x500-1-200x200.jpg 200w, https:\/\/sport-goslar.de\/verein-shop\/wp-content\/uploads\/2021\/04\/Torwart-Jako-500x500-1.jpg 500w\" sizes=\"auto, (max-width: 300px) 100vw, 300px\" \/><\/a>\n\t<\/div>\n\t<figcaption class=\"woocom-list-content\">\n\n\t\t\n\t<\/figcaption>\n<\/figure>\n<\/article>\n\n\n\n<article class=\"post product-category product last\">\n\n\t<figure class=\"woocom-project\">\n\t<div class=\"woo-buttons-on-img\">\n\n\t\t<a href=\"https:\/\/sport-goslar.de\/verein-shop\/product-category\/marken\/jako\/trainingsbedarf-jako\/\" class=\"alignnone\"><img loading=\"lazy\" decoding=\"async\" class=\"preload-me\" src=\"https:\/\/sport-goslar.de\/verein-shop\/wp-content\/uploads\/2021\/04\/Trainingsbedarf-Jako-500x500-1-300x300.jpg\" alt=\"Trainingsbedarf Jako\" width=\"300\" height=\"300\" srcset=\"https:\/\/sport-goslar.de\/verein-shop\/wp-content\/uploads\/2021\/04\/Trainingsbedarf-Jako-500x500-1-300x300.jpg 300w, https:\/\/sport-goslar.de\/verein-shop\/wp-content\/uploads\/2021\/04\/Trainingsbedarf-Jako-500x500-1-150x150.jpg 150w, https:\/\/sport-goslar.de\/verein-shop\/wp-content\/uploads\/2021\/04\/Trainingsbedarf-Jako-500x500-1-200x200.jpg 200w, https:\/\/sport-goslar.de\/verein-shop\/wp-content\/uploads\/2021\/04\/Trainingsbedarf-Jako-500x500-1.jpg 495w\" sizes=\"auto, (max-width: 300px) 100vw, 300px\" \/><\/a>\n\t<\/div>\n\t<figcaption class=\"woocom-list-content\">\n\n\t\t\n\t<\/figcaption>\n<\/figure>\n<\/article>\n\n\n\n<article class=\"post product-category product first\">\n\n\t<figure class=\"woocom-project\">\n\t<div class=\"woo-buttons-on-img\">\n\n\t\t<a href=\"https:\/\/sport-goslar.de\/verein-shop\/product-category\/marken\/jako\/trikots-jako\/\" class=\"alignnone\"><img loading=\"lazy\" decoding=\"async\" class=\"preload-me\" src=\"https:\/\/sport-goslar.de\/verein-shop\/wp-content\/uploads\/2021\/04\/Trikots-Jako-500x500-1-300x300.jpg\" alt=\"Trikots Jako\" width=\"300\" height=\"300\" srcset=\"https:\/\/sport-goslar.de\/verein-shop\/wp-content\/uploads\/2021\/04\/Trikots-Jako-500x500-1-300x300.jpg 300w, https:\/\/sport-goslar.de\/verein-shop\/wp-content\/uploads\/2021\/04\/Trikots-Jako-500x500-1-150x150.jpg 150w, https:\/\/sport-goslar.de\/verein-shop\/wp-content\/uploads\/2021\/04\/Trikots-Jako-500x500-1-200x200.jpg 200w, https:\/\/sport-goslar.de\/verein-shop\/wp-content\/uploads\/2021\/04\/Trikots-Jako-500x500-1.jpg 500w\" sizes=\"auto, (max-width: 300px) 100vw, 300px\" \/><\/a>\n\t<\/div>\n\t<figcaption class=\"woocom-list-content\">\n\n\t\t\n\t<\/figcaption>\n<\/figure>\n<\/article>\n\n\n\n<article class=\"post product-category product\">\n\n\t<figure class=\"woocom-project\">\n\t<div class=\"woo-buttons-on-img\">\n\n\t\t<a href=\"https:\/\/sport-goslar.de\/verein-shop\/product-category\/marken\/jako\/unterwaesche-jako\/\" class=\"alignnone\"><img loading=\"lazy\" decoding=\"async\" class=\"preload-me\" src=\"https:\/\/sport-goslar.de\/verein-shop\/wp-content\/uploads\/2021\/04\/Unterwaesche-Jako-500x500-1-300x300.jpg\" alt=\"Unterw\u00e4sche Jako\" width=\"300\" height=\"300\" srcset=\"https:\/\/sport-goslar.de\/verein-shop\/wp-content\/uploads\/2021\/04\/Unterwaesche-Jako-500x500-1-300x300.jpg 300w, https:\/\/sport-goslar.de\/verein-shop\/wp-content\/uploads\/2021\/04\/Unterwaesche-Jako-500x500-1-150x150.jpg 150w, https:\/\/sport-goslar.de\/verein-shop\/wp-content\/uploads\/2021\/04\/Unterwaesche-Jako-500x500-1-200x200.jpg 200w, https:\/\/sport-goslar.de\/verein-shop\/wp-content\/uploads\/2021\/04\/Unterwaesche-Jako-500x500-1.jpg 500w\" sizes=\"auto, (max-width: 300px) 100vw, 300px\" \/><\/a>\n\t<\/div>\n\t<figcaption class=\"woocom-list-content\">\n\n\t\t\n\t<\/figcaption>\n<\/figure>\n<\/article>\n\n<\/div><\/div>[\/vc_column][\/vc_row]<\/p>\n<\/div>","protected":false},"excerpt":{"rendered":"<p>[vc_row full_width=&#8220;stretch_row_content_no_spaces&#8220; content_placement=&#8220;middle&#8220; bg_type=&#8220;bg_color&#8220; bg_override=&#8220;full&#8220; ult_hide_row=&#8220;ult_hide_row_value&#8220; ult_hide_row_mobile=&#8220;mobile&#8220; ult_hide_row_mobile_large=&#8220;xl_mobile&#8220; css=&#8220;.vc_custom_1617993009303{margin-top: 100px !important;margin-bottom: 0px !important;padding-top: 0px !important;padding-bottom: 0px !important;}&#8220;][vc_column css=&#8220;.vc_custom_1609858779699{margin-top: 0px !important;padding-top: 0px !important;}&#8220;][vc_single_image image=&#8220;1033&#8243; img_size=&#8220;full&#8220; alignment=&#8220;center&#8220;][\/vc_column][\/vc_row][vc_row full_width=&#8220;stretch_row&#8220; bg_type=&#8220;bg_color&#8220; ult_hide_row=&#8220;ult_hide_row_value&#8220; ult_hide_row_large_screen=&#8220;large_screen&#8220; ult_hide_row_desktop=&#8220;desktop&#8220; ult_hide_row_tablet=&#8220;tablet&#8220; bg_color_value=&#8220;#ffffff&#8220;][vc_column][vc_single_image image=&#8220;918&#8243; img_size=&#8220;full&#8220; alignment=&#8220;center&#8220; image_hovers=&#8220;false&#8220;][\/vc_column][\/vc_row][vc_row][vc_column][\/vc_column][\/vc_row]<\/p>\n","protected":false},"author":1,"featured_media":0,"parent":0,"menu_order":0,"comment_status":"closed","ping_status":"open","template":"","meta":{"footnotes":""},"class_list":["post-1009","page","type-page","status-publish","hentry","description-off"],"_links":{"self":[{"href":"https:\/\/sport-goslar.de\/verein-shop\/wp-json\/wp\/v2\/pages\/1009","targetHints":{"allow":["GET"]}}],"collection":[{"href":"https:\/\/sport-goslar.de\/verein-shop\/wp-json\/wp\/v2\/pages"}],"about":[{"href":"https:\/\/sport-goslar.de\/verein-shop\/wp-json\/wp\/v2\/types\/page"}],"author":[{"embeddable":true,"href":"https:\/\/sport-goslar.de\/verein-shop\/wp-json\/wp\/v2\/users\/1"}],"replies":[{"embeddable":true,"href":"https:\/\/sport-goslar.de\/verein-shop\/wp-json\/wp\/v2\/comments?post=1009"}],"version-history":[{"count":4,"href":"https:\/\/sport-goslar.de\/verein-shop\/wp-json\/wp\/v2\/pages\/1009\/revisions"}],"predecessor-version":[{"id":1034,"href":"https:\/\/sport-goslar.de\/verein-shop\/wp-json\/wp\/v2\/pages\/1009\/revisions\/1034"}],"wp:attachment":[{"href":"https:\/\/sport-goslar.de\/verein-shop\/wp-json\/wp\/v2\/media?parent=1009"}],"curies":[{"name":"wp","href":"https:\/\/api.w.org\/{rel}","templated":true}]}}